{"id":9,"date":"2017-09-08T08:22:32","date_gmt":"2017-09-08T08:22:32","guid":{"rendered":"http:\/\/przychodnia.sobotka.pl\/?page_id=9"},"modified":"2025-03-27T09:01:41","modified_gmt":"2025-03-27T09:01:41","slug":"dla-firm","status":"publish","type":"page","link":"https:\/\/przychodnia.sobotka.pl\/?page_id=9","title":{"rendered":"Medycyna Pracy"},"content":{"rendered":"<div id=\"dslc-theme-content\"><div id=\"dslc-theme-content-inner\">\r\n<p><strong><span style=\"color: #003366;\">Siedziba podmiotu leczniczego<\/span><\/strong><\/p>\r\n<p>NZOZ Przychodnia Rodzinna Kajderowicz i Bili\u0144ski Ma\u0142gorzata Kajderowicz-Kowalik<br><span style=\"font-size: small;\">ul. Kr\u00f3tka 2\/B<\/span> 55-050 Sob\u00f3tka<br>NIP 8941788651&nbsp;<br>kontakt 71 390 42 00&nbsp; tel. 606965272<br>mail: nzozsobotka@onet.pl<\/p>\r\n<p><span style=\"color: #003366;\"><strong>Medycyna Pracy<\/strong><\/span><\/p>\r\n<p>Posiadamy du\u017ce do\u015bwiadczenie w zakresie udzielania \u015bwiadcze\u0144 medycyny pracy. Od 2003 roku prowadzimy badania i wydajemy orzeczenia dla pracownik\u00f3w kierowanych do nas przez przedsi\u0119biorstwa, instytucje. W swoim zakresie posiadamy wiele poradni specjalistycznych, w ramach kt\u00f3rych przyjmowani s\u0105 skierowani pracownicy. Wsp\u00f3\u0142pracujemy z wieloma podmiotami leczniczymi, kt\u00f3re udzielaj\u0105 \u015bwiadcze\u0144 w ramach kompleksowo wykonywanej us\u0142ugi. Staramy si\u0119 stale dostosowywa\u0107 do oczekiwa\u0144 naszych pacjent\u00f3w.<\/p>\r\n<p>\r\n\r\n<\/p>\r\n<p>Zgodnie z ustaw\u0105 z dnia 17 pa\u017adziernika 2008 r. o s\u0142u\u017cbie medycyny pracy (Dz.U. nr 220, poz. 1416) <strong>pracodawca mo\u017ce kierowa\u0107 pracownik\u00f3w do plac\u00f3wki \u015bwiadcz\u0105cej us\u0142ugi w zakresie medycyny pracy, z kt\u00f3r\u0105 ma podpisan\u0105 umow\u0119 na ten zakres \u015bwiadcze\u0144.<\/strong><\/p>\r\n<p>\r\n\r\n<\/p>\r\n<p><strong>Zakresy bada\u0144 Medycyny Pracy:<\/strong><\/p>\r\n<p>\r\n\r\n<\/p>\r\n<p>badania wst\u0119pne<br>badania kontrolne<br>badania sanitarno-epidemiologiczne <br>badania kierowc\u00f3w<br>badania wysoko\u015bciowe<\/p>\r\n<p>\r\n\r\n<\/p>\r\n<p>Posiadamy dwie plac\u00f3wki przyjmuj\u0105ce pracownik\u00f3w na badania w zakresie medycyny pracy: <br>NZOZ Przychodnia Rodzinna Kajderowicz i Bili\u0144ski <br>55-050 Sob\u00f3tka ul. Kr\u00f3tka 2\/B<br>55-065 Jordan\u00f3w \u015al\u0105ski ul. Pocztowa 4<\/p>\r\n<p>\r\n\r\n<\/p>\r\n<p><strong>Procedura kierowania pracownik\u00f3w na badania w zakresie medycyny pracy.<\/strong><br>1. Pracodawca kieruje pracownika do plac\u00f3wki medycznej, z kt\u00f3r\u0105 ma podpisan\u0105 umow\u0119 na badania w zakresie medycyny pracy.<br>2. Pracodawca wystawia skierowanie, w kt\u00f3rym okre\u015bla: stanowisko pracy, czynniki niebezpieczne, szkodliwe dla zdrowia, uci\u0105\u017cliwe i inne. <a href=\"http:\/\/przychodnia.sobotka.pl\/wp-content\/uploads\/2018\/10\/WZ%C3%93R-SKIEROWANIA-PRACOWNIKA-NA-BADANIA.pdf\">WZ\u00d3R SKIEROWANIA PRACOWNIKA NA BADANIA<\/a><br>3. W celu ustalenia terminu badania:<br>- pracodawca umawia telefonicznie z poradni\u0105 Medycyny Pracy termin przyj\u015bcia kierowanego pracownika.<br>- pracownik umawia si\u0119 osobi\u015bcie \/ telefonicznie,<br>- pracownik umawia si\u0119 w przypadku wykonywania \u015bwiadcze\u0144 za po\u015brednictwem sieci medycznych: Medicover, LUX MED.&nbsp;<br>W celu ustalenia terminu badania nale\u017cy zadzwoni\u0107 do NZOZ Przychodnia Rodzinna <strong>pod numerami:<br>71 390 42 07&nbsp; lub&nbsp; 71 390 42 00&nbsp; - wew. 5<\/strong><br>Osoba zajmuj\u0105ca si\u0119 umawianiem na wizyty w poradni&nbsp; jest <strong>piel\u0119gniarka medycyny pracy Pani Marzena Nico\u015b.<\/strong><br><strong>Godziny rejestracji pracownik\u00f3w na wizyty: pon - pt 12:00 do 14:00<\/strong><br>4. Skierowanie mo\u017ce by\u0107 wcze\u015bniej wys\u0142ane na kontakt: medycynapracy@onet.com.pl<br>Przesy\u0142aj\u0105c skierowanie elektronicznie prosz\u0119 dopisa\u0107 ustalony wcze\u015bniej termin przyj\u015bcia pracownika do Poradni Medycyny Pracy.<br>5. Pracownik zg\u0142asza si\u0119 w Poradni Medycyny Pracy w ustalonym z pracodawc\u0105 dniu z orygina\u0142em skierowania. Dalsz\u0105 drog\u0119 post\u0119powania ustala si\u0119 podczas wizyty w poradni. W zale\u017cno\u015bci od stanowiska pracy i czynnik\u00f3w okre\u015blonych w skierowaniu pracownik jest kierowany na badania laboratoryjne,&nbsp; wizyty u lekarzy specjalist\u00f3w, itd.<br>6. Po wykonaniu koniecznych bada\u0144 wystawiane jest orzeczenie lekarskie podczas wizyty u lekarza medycyny prac<\/p>\r\n<p>W ramach poradni medycyny pracy przyjmuj\u0105:<\/p>\r\n<p>lek. med. Beata Raczy\u0144ska<br>lek. med. Apolonia Kasprzyk-Czepielinda<\/p>\r\n<p>Piel\u0119gniarka s\u0142u\u017cby medycyny pracy<br>Marzena Nico\u015b<\/p>\r\n<p><span style=\"color: #003366;\"><strong>Szczepienia pracownik\u00f3w<\/strong><\/span><\/p>\r\n<p>Prowadzimy akcje szczepie\u0144 ochronnych dla prawnik\u00f3w. Zaliczamy do nich mi\u0119dzy innymi szczepienia przeciw: grypie, kleszczowemu zapaleniu m\u00f3zgu (KZM), wirusowemu zapaleniu w\u0105troby, t\u0119\u017ccowi.<\/p>\r\n<p>\r\n\r\n<\/p>\r\n<p><a href=\"http:\/\/prawo.sejm.gov.pl\/isap.nsf\/download.xsp\/WDU20120000040\/O\/D20120040.pdf\">Rozporz\u0105dzenie Rady Ministr\u00f3w w sprawie zalecanych szczepie\u0144 ochronnych dla pracownik\u00f3w<\/a><\/p>\r\n<p><a href=\"http:\/\/przychodnia.sobotka.pl\/?page_id=1539\">Informacje dotycz\u0105ce kontakt\u00f3w w celu nawi\u0105zania wsp\u00f3\u0142pracy w zakresie udzielania \u015bwiadcze\u0144 zdrowotnych<\/a>&nbsp;<\/p>\r\n\r\n<p>&nbsp;<\/p>\r\n<\/div><\/div>","protected":false},"excerpt":{"rendered":"<p>Siedziba podmiotu leczniczego NZOZ Przychodnia Rodzinna Kajderowicz i Bili\u0144ski Ma\u0142gorzata Kajderowicz-Kowalikul. Kr\u00f3tka 2\/B 55-050 Sob\u00f3tkaNIP 8941788651&nbsp;kontakt 71 390 42 00&nbsp; tel. 606965272mail: nzozsobotka@onet.pl Medycyna Pracy Posiadamy du\u017ce do\u015bwiadczenie w zakresie udzielania \u015bwiadcze\u0144 medycyny pracy. Od 2003 roku prowadzimy badania i wydajemy orzeczenia dla pracownik\u00f3w kierowanych do nas przez przedsi\u0119biorstwa, instytucje. W swoim zakresie posiadamy wiele<\/p>\n","protected":false},"author":1,"featured_media":0,"parent":0,"menu_order":0,"comment_status":"closed","ping_status":"closed","template":"","meta":{"ngg_post_thumbnail":0,"footnotes":""},"class_list":["post-9","page","type-page","status-publish","hentry"],"_links":{"self":[{"href":"https:\/\/przychodnia.sobotka.pl\/index.php?rest_route=\/wp\/v2\/pages\/9","targetHints":{"allow":["GET"]}}],"collection":[{"href":"https:\/\/przychodnia.sobotka.pl\/index.php?rest_route=\/wp\/v2\/pages"}],"about":[{"href":"https:\/\/przychodnia.sobotka.pl\/index.php?rest_route=\/wp\/v2\/types\/page"}],"author":[{"embeddable":true,"href":"https:\/\/przychodnia.sobotka.pl\/index.php?rest_route=\/wp\/v2\/users\/1"}],"replies":[{"embeddable":true,"href":"https:\/\/przychodnia.sobotka.pl\/index.php?rest_route=%2Fwp%2Fv2%2Fcomments&post=9"}],"version-history":[{"count":38,"href":"https:\/\/przychodnia.sobotka.pl\/index.php?rest_route=\/wp\/v2\/pages\/9\/revisions"}],"predecessor-version":[{"id":1914,"href":"https:\/\/przychodnia.sobotka.pl\/index.php?rest_route=\/wp\/v2\/pages\/9\/revisions\/1914"}],"wp:attachment":[{"href":"https:\/\/przychodnia.sobotka.pl\/index.php?rest_route=%2Fwp%2Fv2%2Fmedia&parent=9"}],"curies":[{"name":"wp","href":"https:\/\/api.w.org\/{rel}","templated":true}]}}