{"id":2018,"date":"2025-07-07T09:28:29","date_gmt":"2025-07-07T09:28:29","guid":{"rendered":"https:\/\/przychodnia.sobotka.pl\/?page_id=2018"},"modified":"2025-07-07T09:28:29","modified_gmt":"2025-07-07T09:28:29","slug":"oswiadczenie-o-braku-wspolpracy-z-rosja","status":"publish","type":"page","link":"https:\/\/przychodnia.sobotka.pl\/?page_id=2018","title":{"rendered":"O\u015bwiadczenie o braku wsp\u00f3\u0142pracy z Rosj\u0105"},"content":{"rendered":"<div id=\"dslc-theme-content\"><div id=\"dslc-theme-content-inner\"><p>Ka\u017cdy z oferent\u00f3w wybranych w ramach realizacji Projektu grantowego nr FENX.06.01-IP.03-0001\/23 pod nazw\u0105 \u201eWsparcie podstawowej opieki zdrowotnej (POZ)\u201d, realizowanego w ramach programu Fundusze Europejskie na Infrastruktur\u0119, Klimat, \u015arodowisko 2021-2027, wsp\u00f3\u0142finansowanego ze \u015brodk\u00f3w Europejskiego Funduszu Rozwoju Regionalnego, realizowanego na podstawie umowy nr FENX.06.01-IP.03-0001\/23-00\/1374\/2024\/17 zawartej w dniu 27.03.2024 r. pomi\u0119dzy Skarbem Pa\u0144stwa \u2013 Ministrem Zdrowia a Narodowym Funduszem Zdrowia zobligowany jest, jako sprzedawca\/wykonawca dostarczy\u0107&nbsp; do NZOZ Przychodnia Rodzinna Kajderowicz i Bili\u0144ski podpisane o\u015bwiadczenie o braku wsp\u00f3\u0142pracy z Rosj\u0105.<\/p>\n<p><a href=\"https:\/\/feniks.nfz.gov.pl\/wp-content\/uploads\/2025\/01\/Zalacznik-nr-8-do-umowy-Wzor-Oswiadczenia-o-braku-wspolpracy-z-Rosja-1.pdf\"><strong>Link do pobrania o\u015bwiadczenia<\/strong><\/a><\/p>\n<\/div><\/div>","protected":false},"excerpt":{"rendered":"<p>Ka\u017cdy z oferent\u00f3w wybranych w ramach realizacji Projektu grantowego nr FENX.06.01-IP.03-0001\/23 pod nazw\u0105 \u201eWsparcie podstawowej opieki zdrowotnej (POZ)\u201d, realizowanego w ramach programu Fundusze Europejskie na Infrastruktur\u0119, Klimat, \u015arodowisko 2021-2027, wsp\u00f3\u0142finansowanego ze \u015brodk\u00f3w Europejskiego Funduszu Rozwoju Regionalnego, realizowanego na podstawie umowy nr FENX.06.01-IP.03-0001\/23-00\/1374\/2024\/17 zawartej w dniu 27.03.2024 r. pomi\u0119dzy Skarbem Pa\u0144stwa \u2013 Ministrem Zdrowia a Narodowym<\/p>\n","protected":false},"author":1,"featured_media":0,"parent":0,"menu_order":0,"comment_status":"closed","ping_status":"closed","template":"","meta":{"ngg_post_thumbnail":0,"footnotes":""},"class_list":["post-2018","page","type-page","status-publish","hentry"],"_links":{"self":[{"href":"https:\/\/przychodnia.sobotka.pl\/index.php?rest_route=\/wp\/v2\/pages\/2018","targetHints":{"allow":["GET"]}}],"collection":[{"href":"https:\/\/przychodnia.sobotka.pl\/index.php?rest_route=\/wp\/v2\/pages"}],"about":[{"href":"https:\/\/przychodnia.sobotka.pl\/index.php?rest_route=\/wp\/v2\/types\/page"}],"author":[{"embeddable":true,"href":"https:\/\/przychodnia.sobotka.pl\/index.php?rest_route=\/wp\/v2\/users\/1"}],"replies":[{"embeddable":true,"href":"https:\/\/przychodnia.sobotka.pl\/index.php?rest_route=%2Fwp%2Fv2%2Fcomments&post=2018"}],"version-history":[{"count":1,"href":"https:\/\/przychodnia.sobotka.pl\/index.php?rest_route=\/wp\/v2\/pages\/2018\/revisions"}],"predecessor-version":[{"id":2019,"href":"https:\/\/przychodnia.sobotka.pl\/index.php?rest_route=\/wp\/v2\/pages\/2018\/revisions\/2019"}],"wp:attachment":[{"href":"https:\/\/przychodnia.sobotka.pl\/index.php?rest_route=%2Fwp%2Fv2%2Fmedia&parent=2018"}],"curies":[{"name":"wp","href":"https:\/\/api.w.org\/{rel}","templated":true}]}}