{"id":933,"date":"2019-11-20T10:53:33","date_gmt":"2019-11-20T10:53:33","guid":{"rendered":"http:\/\/przychodnia.sobotka.pl\/?page_id=933"},"modified":"2025-03-27T08:54:43","modified_gmt":"2025-03-27T08:54:43","slug":"laboratorium","status":"publish","type":"page","link":"http:\/\/przychodnia.sobotka.pl\/?page_id=933","title":{"rendered":"Punkty pobra\u0144"},"content":{"rendered":"<div id=\"dslc-theme-content\"><div id=\"dslc-theme-content-inner\"><p>NZOZ Przychodnia Rodzinna Kajderowicz i Bili\u0144ski posiada dwa punkty pobra\u0144 materia\u0142u biologicznego do wykonania bada\u0144 laboratoryjnych. Znajduj\u0105 si\u0119 one na terenie plac\u00f3wek w Sob\u00f3tce i w Jordanowie \u015al\u0105skim.<br \/>\n&nbsp;<br \/>\n<strong>Punkty pobra\u0144:<\/strong><br \/>\n<strong>Sob\u00f3tka, ul. Kr\u00f3tka 2\/B<\/strong> (wej\u015bcie od ul. Cmentarnej)<br \/>\nPunkt czynny od poniedzia\u0142ku do pi\u0105tku w godzinach 08:00 - 10:00<br \/>\n<strong>Rejestracja do punktu pobra\u0144 &nbsp;od poniedzia\u0142ku do pi\u0105tku w godzinach 12:00 - 14:00<\/strong><\/p>\n<p><strong>Jordan\u00f3w \u015al\u0105ski, ul. Pocztowa 4<\/strong><br \/>\nPunkt czynny w dniach:&nbsp; \u015broda 08:00 - 10:00&nbsp; i&nbsp; pi\u0105tek 08:00 - 10:00<br \/>\n<strong>Rejestracja do punktu pobra\u0144 &nbsp;od poniedzia\u0142ku do pi\u0105tku w godzinach 12:00 - 14:00<\/strong><br \/>\n<span style=\"color: #000000;\"><strong><br \/>\nPrzygotowanie do bada\u0144&nbsp;<br \/>\n<\/strong><\/span><strong>Badania krwi<\/strong> <strong>i moczu<\/strong> wykonywane s\u0105 osobom <strong>na czczo<\/strong>, to znaczy \u017ce nie spo\u017cywali posi\u0142k\u00f3w 12 godzin przed badaniem.&nbsp;<br \/>\n<strong>Badania og\u00f3lne moczu<\/strong> wykonywane jest na podstawie materia\u0142u ze \u015brodkowego strumienia pierwszego rannego moczu umieszczonego w specjalnie przeznaczonym do tego pojemniku.&nbsp;<br \/>\n<strong>Badanie ka\u0142u<\/strong> na paso\u017cyty wykonywane jest na podstawie materia\u0142u pobranego z r\u00f3\u017cnych miejsc ka\u0142u w wielko\u015bci nieprzekraczaj\u0105cej rozmiar\u00f3w orzecha w\u0142oskiego i dostarczonego w specjalnie do tego celu przeznaczonego pojemnika z \u0142opatk\u0105. Wa\u017cne jest, aby materia\u0142 &nbsp;pobrany zosta\u0142 w kr\u00f3tkim odcinku czasu przed badaniem.&nbsp;<br \/>\n<strong>Badanie ka\u0142u potrzebne do ksi\u0105\u017ceczki zdrowia<\/strong> wykonywane jest na podstawie materia\u0142u pobranego z ka\u0142u w ma\u0142ej porcji na \u0142opatce i dostarczonego w specjalnie do tego celu przeznaczonego pojemnika z \u0142opatk\u0105. Wa\u017cne jest, aby materia\u0142 pobrany zosta\u0142 w kr\u00f3tkim odcinku czasu przed badaniem.&nbsp;<br \/>\n<strong>Wymaz z gard\u0142a<\/strong> pobierany jest od os\u00f3b, kt\u00f3re nie my\u0142y wcze\u015bniej z\u0119b\u00f3w oraz nie spo\u017cywa\u0142y posi\u0142ku przed przyj\u015bciem w celu pobrania materia\u0142u.<\/p>\n<\/div><\/div>","protected":false},"excerpt":{"rendered":"<p>NZOZ Przychodnia Rodzinna Kajderowicz i Bili\u0144ski posiada dwa punkty pobra\u0144 materia\u0142u biologicznego do wykonania bada\u0144 laboratoryjnych. Znajduj\u0105 si\u0119 one na terenie plac\u00f3wek w Sob\u00f3tce i w Jordanowie \u015al\u0105skim. &nbsp; Punkty pobra\u0144: Sob\u00f3tka, ul. Kr\u00f3tka 2\/B (wej\u015bcie od ul. Cmentarnej) Punkt czynny od poniedzia\u0142ku do pi\u0105tku w godzinach 08:00 - 10:00 Rejestracja do punktu pobra\u0144 &nbsp;od<\/p>\n","protected":false},"author":1,"featured_media":0,"parent":0,"menu_order":0,"comment_status":"closed","ping_status":"closed","template":"","meta":{"ngg_post_thumbnail":0,"footnotes":""},"class_list":["post-933","page","type-page","status-publish","hentry"],"_links":{"self":[{"href":"http:\/\/przychodnia.sobotka.pl\/index.php?rest_route=\/wp\/v2\/pages\/933","targetHints":{"allow":["GET"]}}],"collection":[{"href":"http:\/\/przychodnia.sobotka.pl\/index.php?rest_route=\/wp\/v2\/pages"}],"about":[{"href":"http:\/\/przychodnia.sobotka.pl\/index.php?rest_route=\/wp\/v2\/types\/page"}],"author":[{"embeddable":true,"href":"http:\/\/przychodnia.sobotka.pl\/index.php?rest_route=\/wp\/v2\/users\/1"}],"replies":[{"embeddable":true,"href":"http:\/\/przychodnia.sobotka.pl\/index.php?rest_route=%2Fwp%2Fv2%2Fcomments&post=933"}],"version-history":[{"count":13,"href":"http:\/\/przychodnia.sobotka.pl\/index.php?rest_route=\/wp\/v2\/pages\/933\/revisions"}],"predecessor-version":[{"id":1912,"href":"http:\/\/przychodnia.sobotka.pl\/index.php?rest_route=\/wp\/v2\/pages\/933\/revisions\/1912"}],"wp:attachment":[{"href":"http:\/\/przychodnia.sobotka.pl\/index.php?rest_route=%2Fwp%2Fv2%2Fmedia&parent=933"}],"curies":[{"name":"wp","href":"https:\/\/api.w.org\/{rel}","templated":true}]}}