{"id":2021,"date":"2025-07-11T07:10:23","date_gmt":"2025-07-11T07:10:23","guid":{"rendered":"https:\/\/przychodnia.sobotka.pl\/?page_id=2021"},"modified":"2025-07-11T07:10:23","modified_gmt":"2025-07-11T07:10:23","slug":"moje-zdrowie","status":"publish","type":"page","link":"http:\/\/przychodnia.sobotka.pl\/?page_id=2021","title":{"rendered":"Moje Zdrowie"},"content":{"rendered":"<div id=\"dslc-theme-content\"><div id=\"dslc-theme-content-inner\"><h1 class=\"landing-page-hero-title\"><small>Program Moje Zdrowie.<\/small><\/h1>\n<div class=\"landing-page-hero-text text\">\n<p>Jest to program skierowany do os\u00f3b, kt\u00f3re uko\u0144czy\u0142y 20 lat. Obejmuje diagnostyk\u0119, porady zdrowotne oraz profilaktyk\u0119. Realizowany jest w naszych plac\u00f3wkach w ramach podstawowej opieki zdrowotnej (POZ).&nbsp;&nbsp;<br \/>\n<a href=\"https:\/\/pacjent.gov.pl\/program-moje-zdrowie\">Wi\u0119cej informacji<\/a><\/p>\n<p>&nbsp;<\/p>\n<\/div>\n<\/div><\/div>","protected":false},"excerpt":{"rendered":"<p>Program Moje Zdrowie. Jest to program skierowany do os\u00f3b, kt\u00f3re uko\u0144czy\u0142y 20 lat. Obejmuje diagnostyk\u0119, porady zdrowotne oraz profilaktyk\u0119. Realizowany jest w naszych plac\u00f3wkach w ramach podstawowej opieki zdrowotnej (POZ).&nbsp;&nbsp; Wi\u0119cej informacji &nbsp;<\/p>\n","protected":false},"author":1,"featured_media":0,"parent":0,"menu_order":0,"comment_status":"closed","ping_status":"closed","template":"","meta":{"ngg_post_thumbnail":0,"footnotes":""},"class_list":["post-2021","page","type-page","status-publish","hentry"],"_links":{"self":[{"href":"http:\/\/przychodnia.sobotka.pl\/index.php?rest_route=\/wp\/v2\/pages\/2021","targetHints":{"allow":["GET"]}}],"collection":[{"href":"http:\/\/przychodnia.sobotka.pl\/index.php?rest_route=\/wp\/v2\/pages"}],"about":[{"href":"http:\/\/przychodnia.sobotka.pl\/index.php?rest_route=\/wp\/v2\/types\/page"}],"author":[{"embeddable":true,"href":"http:\/\/przychodnia.sobotka.pl\/index.php?rest_route=\/wp\/v2\/users\/1"}],"replies":[{"embeddable":true,"href":"http:\/\/przychodnia.sobotka.pl\/index.php?rest_route=%2Fwp%2Fv2%2Fcomments&post=2021"}],"version-history":[{"count":1,"href":"http:\/\/przychodnia.sobotka.pl\/index.php?rest_route=\/wp\/v2\/pages\/2021\/revisions"}],"predecessor-version":[{"id":2022,"href":"http:\/\/przychodnia.sobotka.pl\/index.php?rest_route=\/wp\/v2\/pages\/2021\/revisions\/2022"}],"wp:attachment":[{"href":"http:\/\/przychodnia.sobotka.pl\/index.php?rest_route=%2Fwp%2Fv2%2Fmedia&parent=2021"}],"curies":[{"name":"wp","href":"https:\/\/api.w.org\/{rel}","templated":true}]}}