{"id":1984,"date":"2025-06-16T17:14:14","date_gmt":"2025-06-16T17:14:14","guid":{"rendered":"https:\/\/przychodnia.sobotka.pl\/?page_id=1984"},"modified":"2025-06-16T17:34:55","modified_gmt":"2025-06-16T17:34:55","slug":"historia","status":"publish","type":"page","link":"http:\/\/przychodnia.sobotka.pl\/?page_id=1984","title":{"rendered":"Historia"},"content":{"rendered":"<div id=\"dslc-theme-content\"><div id=\"dslc-theme-content-inner\"><p>&nbsp;<\/p>\n<p><a href=\"https:\/\/przychodnia.sobotka.pl\/?attachment_id=180\" rel=\"attachment wp-att-180\"><img loading=\"lazy\" decoding=\"async\" class=\"alignnone size-medium wp-image-180\" src=\"http:\/\/przychodnia.sobotka.pl\/wp-content\/uploads\/2017\/10\/logo_transp-2-278x300.png\" alt=\"\" width=\"278\" height=\"300\" srcset=\"http:\/\/przychodnia.sobotka.pl\/wp-content\/uploads\/2017\/10\/logo_transp-2-278x300.png 278w, http:\/\/przychodnia.sobotka.pl\/wp-content\/uploads\/2017\/10\/logo_transp-2.png 401w\" sizes=\"auto, (max-width: 278px) 100vw, 278px\" \/><\/a><\/p>\n<p>NZOZ \u201ePrzychodnia Rodzinna\u201d Kajderowicz i Bili\u0144ski Ma\u0142gorzata Kajderowicz-Kowalik w Sob\u00f3tce zosta\u0142 utworzony 05 kwietnia 2000 r. na podstawie wpisu do rejestru zak\u0142ad\u00f3w opieki zdrowotnej prowadzonego przez Wojewod\u0119 Dolno\u015bl\u0105skiego.&nbsp;<br \/>\nOd 2000 roku udzielamy \u015bwiadczenia medyczne w ramach Narodowego Funduszu Zdrowia oraz prywatnie.&nbsp;<br \/>\nPrzychodnie mieszcz\u0105 si\u0119: Sob\u00f3tka ul. Torowa 4 (od 2000 roku), Sob\u00f3tka pl. Wolno\u015bci 1 (od 2003 roku, przeniesiony w 2019 roku do nowej lokalizacji przy ul. Kr\u00f3tkiej 2\/B, Jordan\u00f3w \u015al\u0105ski ul. Pocztowa 4 (od 2004 roku).&nbsp;<br \/>\nNaszymi klientami s\u0105 zar\u00f3wno osoby indywidualne, jaki i przedsi\u0119biorstwa.<br \/>\nStaramy si\u0119 sprosta\u0107 oczekiwaniom naszych klient\u00f3w rozszerzaj\u0105c wachlarz oferowanych us\u0142ug.&nbsp;<\/p>\n<p><strong>Dzia\u0142alno\u015b\u0107 spo\u0142eczna<\/strong><br \/>\nAktywnie anga\u017cujemy si\u0119 w dzia\u0142alno\u015b\u0107 spo\u0142eczn\u0105. Wspierali\u015bmy swoim udzia\u0142em akcje medyczne, mi\u0119dzy innymi \u201ePiknik Zdrowia\u201d organizowany przez:&nbsp;<a href=\"http:\/\/www.stowarzyszenie-as.pl\/\">Stowarzyszenie Inicjatyw Lokalnych \u201eAs\u201d<\/a>.<br \/>\nW trakcie tej imprezy umo\u017cliwiamy dost\u0119p jej uczestnikom do wielu naszych specjalist\u00f3w oraz wykonywa\u0142o badania, z kt\u00f3rych doch\u00f3d przeznaczany jest na wsparcie inicjatyw lokalnych.<\/p>\n<p><strong>Projekty naukowe<\/strong><br \/>\nByli\u015bmy realizatorami&nbsp; w projektach naukowych np. projekt \u201eAlergia w rodzinach\u201d&nbsp;<br \/>\n<em><u>2003 r.<\/u><\/em>&nbsp;\u2013 Udzia\u0142 w badaniach alergologicznych w rodzinach prowadzonych przez: I Katedr\u0119 Pediatrii Kliniki Pediatrii, Alergologii i Kardiologii Akademia Medycznej we Wroc\u0142awiu oraz National Heart &amp; Lung Institute Imperial College Occupational &amp; Environmental Medicine Londyn Wielka Brytania.&nbsp;&nbsp;<br \/>\n<em><u>2012 r.<\/u><\/em>&nbsp;\u2013 Udzia\u0142 w kontynuacji projektu \u201eAlergia w rodzinach\u201d pod tym samym patronatem.&nbsp;<\/p>\n<p><strong>Projekty realizowane z Funduszy Europejskich<\/strong><br \/>\nW latach 2018 r. \u2013 2021r. \u2013 realizowali\u015bmy projekt pn. \u201ePrzygotowanie, przetestowanie i wdro\u017cenie do systemu opieki zdrowotnej organizacji opieki koordynowanej (OOK) Etap II Faza pilota\u017cowa \u2013 model POZ PLUS.&nbsp;<br \/>\nNr projektu: POWR.05.02.00-00-0039\/17.&nbsp;<br \/>\n&nbsp; &nbsp; &nbsp; &nbsp; &nbsp;&nbsp; &nbsp; &nbsp; &nbsp; &nbsp; &nbsp; &nbsp; &nbsp; &nbsp; &nbsp; &nbsp;&nbsp;<\/p>\n<p><strong>NZOZ PRZYCHODNIA RODZINNA KAJDEROWICZ I BILI\u0143SKI MA\u0141GORZATA KAJDEROWICZ-KOWALIK&nbsp;<\/strong><br \/>\nRealizowa\u0142a&nbsp; projekt dofinansowany z Funduszy Europejskich pn. \u201ePrzygotowanie, przetestowanie i wdro\u017cenie do systemu opieki zdrowotnej organizacji opieki koordynowanej (OOK) Etap II Faza pilota\u017cowa \u2013 model POZ PLUS.&nbsp;<br \/>\nNr projektu: POWR.05.02.00-00-0039\/17.&nbsp;<br \/>\n<a href=\"https:\/\/akademia.nfz.gov.pl\/poz-plus\/?lang=en\">Wi\u0119cej informacji o projekcie\u2026<\/a>&nbsp; &nbsp; &nbsp; &nbsp; &nbsp; &nbsp; &nbsp; &nbsp; &nbsp; &nbsp; &nbsp; &nbsp; &nbsp; &nbsp; &nbsp; &nbsp; &nbsp; &nbsp; &nbsp; &nbsp; &nbsp; &nbsp; &nbsp; &nbsp; &nbsp; &nbsp; &nbsp; &nbsp; &nbsp; &nbsp; &nbsp; &nbsp; &nbsp; &nbsp; &nbsp; &nbsp; &nbsp; &nbsp; &nbsp; &nbsp; &nbsp; &nbsp; &nbsp; &nbsp; &nbsp; &nbsp; &nbsp; &nbsp; &nbsp; &nbsp; &nbsp; &nbsp; &nbsp; &nbsp; &nbsp; &nbsp; &nbsp; &nbsp; &nbsp; &nbsp; &nbsp; &nbsp; &nbsp; &nbsp; &nbsp; &nbsp; &nbsp; &nbsp; &nbsp; &nbsp; &nbsp; &nbsp; &nbsp; &nbsp; &nbsp; &nbsp; &nbsp; &nbsp; &nbsp; &nbsp;<\/p>\n<p><strong>Informacje szczeg\u00f3\u0142owe o realizacji projektu<\/strong><br \/>\nOkres realizacji projektu: do 30.09.2021 r.&nbsp;<br \/>\n<strong>Cele projektu<\/strong>&nbsp;<br \/>\nCelem projektu by\u0142o pilota\u017cowe wdro\u017cenie modelu opieki koordynowanej na poziomie podstawowej opieki zdrowotnej, tzw. modelu POZ PLUS.<br \/>\nCelami szczeg\u00f3\u0142owymi modelu POZ PLUS by\u0142y:<br \/>\n\u2013 poprawa jako\u015bci us\u0142ug medycznych \u015bwiadczonych na poziomie podstawowej opieki medycznej;<br \/>\n\u2013 zwi\u0119kszenie ilo\u015bci \u015bwiadcze\u0144 medycznych \u015bwiadczonych na poziomie podstawowej opieki medycznej;<br \/>\n\u2013 poprawa koordynacji us\u0142ug medycznych \u015bwiadczonych na poziomie podstawowej opieki zdrowotnej.<br \/>\nPilota\u017cowe wdro\u017cenie modelu opieki koordynowanej na poziomie POZ mia\u0142o na celu stopniowe tworzenie systemu ukierunkowanego na pacjenta, w kt\u00f3rym zamiast koncentracji na \u015bwiadczeniu us\u0142ug medycznych,&nbsp; k\u0142adzie si\u0119 wi\u0119kszy nacisk na stosowanie narz\u0119dzi zapobiegawczych.&nbsp;<br \/>\n<strong>Zakres udzielanych \u015bwiadcze\u0144<\/strong>:<br \/>\n\u2013 wykonywanie bilans\u00f3w zdrowia dla doros\u0142ych oraz prowadzenie szeroko zakrojonych dzia\u0142a\u0144 edukacyjnych z zakresu profilaktyki zdrowotnej;<br \/>\n\u2013 zarz\u0105dzanie\/koordynowanie opiek\u0105.&nbsp;<br \/>\nW programie mog\u0142y wzi\u0105\u0107 udzia\u0142 osoby:<br \/>\n\u2013 w wieku od 20 do 65 roku \u017cycia ( profilaktyczne badania bilansowe)<br \/>\n\u2013 powy\u017cej 18 r. \u017c. (program zarz\u0105dzania chorob\u0105)<br \/>\n\u2013 zadeklarowane do NZOZ Przychodnia Rodzinna Kajderowicz i Bili\u0144ski,&nbsp;<br \/>\n<strong>Miejsce realizacji<\/strong>:<br \/>\nNZOZ Przychodnia Rodzinna Kajderowicz i Bili\u0144ski<br \/>\n55-050 Sob\u00f3tka,&nbsp; ul. Kr\u00f3tka2\/B&nbsp;<\/p>\n<p>&nbsp;<\/p>\n<table width=\"750\">\n<tbody>\n<tr>\n<td width=\"274\"><a href=\"https:\/\/przychodnia.sobotka.pl\/?attachment_id=362\" rel=\"attachment wp-att-362\"><img loading=\"lazy\" decoding=\"async\" class=\"alignnone size-medium wp-image-362\" src=\"http:\/\/przychodnia.sobotka.pl\/wp-content\/uploads\/2018\/10\/images-2-300x136.jpg\" alt=\"\" width=\"300\" height=\"136\" srcset=\"http:\/\/przychodnia.sobotka.pl\/wp-content\/uploads\/2018\/10\/images-2-300x136.jpg 300w, http:\/\/przychodnia.sobotka.pl\/wp-content\/uploads\/2018\/10\/images-2.jpg 334w\" sizes=\"auto, (max-width: 300px) 100vw, 300px\" \/><\/a><\/td>\n<td colspan=\"2\" width=\"475\"><a href=\"https:\/\/przychodnia.sobotka.pl\/?attachment_id=316\" rel=\"attachment wp-att-316\"><img loading=\"lazy\" decoding=\"async\" class=\"alignnone wp-image-316\" src=\"http:\/\/przychodnia.sobotka.pl\/wp-content\/uploads\/2018\/10\/UE-oznaczenia-www-1-300x58.png\" alt=\"\" width=\"481\" height=\"93\" srcset=\"http:\/\/przychodnia.sobotka.pl\/wp-content\/uploads\/2018\/10\/UE-oznaczenia-www-1-300x58.png 300w, http:\/\/przychodnia.sobotka.pl\/wp-content\/uploads\/2018\/10\/UE-oznaczenia-www-1-768x150.png 768w, http:\/\/przychodnia.sobotka.pl\/wp-content\/uploads\/2018\/10\/UE-oznaczenia-www-1-1024x200.png 1024w\" sizes=\"auto, (max-width: 481px) 100vw, 481px\" \/><\/a><\/td>\n<\/tr>\n<tr>\n<td width=\"274\"><a href=\"https:\/\/przychodnia.sobotka.pl\/?attachment_id=373\" rel=\"attachment wp-att-373\"><img loading=\"lazy\" decoding=\"async\" class=\"size-medium wp-image-373 aligncenter\" src=\"http:\/\/przychodnia.sobotka.pl\/wp-content\/uploads\/2018\/10\/DSC04312-11-176x300.jpg\" alt=\"\" width=\"176\" height=\"300\" srcset=\"http:\/\/przychodnia.sobotka.pl\/wp-content\/uploads\/2018\/10\/DSC04312-11-176x300.jpg 176w, http:\/\/przychodnia.sobotka.pl\/wp-content\/uploads\/2018\/10\/DSC04312-11-768x1311.jpg 768w, http:\/\/przychodnia.sobotka.pl\/wp-content\/uploads\/2018\/10\/DSC04312-11-600x1024.jpg 600w, http:\/\/przychodnia.sobotka.pl\/wp-content\/uploads\/2018\/10\/DSC04312-11.jpg 1576w\" sizes=\"auto, (max-width: 176px) 100vw, 176px\" \/><\/a><\/td>\n<td width=\"203\"><a href=\"https:\/\/przychodnia.sobotka.pl\/?attachment_id=365\" rel=\"attachment wp-att-365\"><img loading=\"lazy\" decoding=\"async\" class=\"wp-image-365 aligncenter\" src=\"http:\/\/przychodnia.sobotka.pl\/wp-content\/uploads\/2018\/10\/wizyta-MZ-198x300.jpg\" alt=\"\" width=\"232\" height=\"352\" srcset=\"http:\/\/przychodnia.sobotka.pl\/wp-content\/uploads\/2018\/10\/wizyta-MZ-198x300.jpg 198w, http:\/\/przychodnia.sobotka.pl\/wp-content\/uploads\/2018\/10\/wizyta-MZ-768x1161.jpg 768w, http:\/\/przychodnia.sobotka.pl\/wp-content\/uploads\/2018\/10\/wizyta-MZ-677x1024.jpg 677w, http:\/\/przychodnia.sobotka.pl\/wp-content\/uploads\/2018\/10\/wizyta-MZ.jpg 918w\" sizes=\"auto, (max-width: 232px) 100vw, 232px\" \/><\/a><\/td>\n<td width=\"273\"><a href=\"https:\/\/przychodnia.sobotka.pl\/?attachment_id=372\" rel=\"attachment wp-att-372\"><img loading=\"lazy\" decoding=\"async\" class=\"size-medium wp-image-372 aligncenter\" src=\"http:\/\/przychodnia.sobotka.pl\/wp-content\/uploads\/2018\/10\/DSC04630-300x169.jpg\" alt=\"\" width=\"300\" height=\"169\" srcset=\"http:\/\/przychodnia.sobotka.pl\/wp-content\/uploads\/2018\/10\/DSC04630-300x169.jpg 300w, http:\/\/przychodnia.sobotka.pl\/wp-content\/uploads\/2018\/10\/DSC04630-768x432.jpg 768w, http:\/\/przychodnia.sobotka.pl\/wp-content\/uploads\/2018\/10\/DSC04630-1024x576.jpg 1024w\" sizes=\"auto, (max-width: 300px) 100vw, 300px\" \/><\/a><\/td>\n<\/tr>\n<\/tbody>\n<\/table>\n<p>&nbsp;<\/p>\n<p><strong>Programy profilaktyczne dla dzieci<\/strong><\/p>\n<p>Prowadzimy cykliczne akcje szczepie\u0144 profilaktycznych przeciwko HPV dziewczynek i ch\u0142opc\u00f3w&nbsp;<br \/>\nNZOZ Przychodnia Rodzinna Kajderowicz i Bili\u0144ski prowadzi akcje szczepie\u0144 profilaktycznych przeciwko wirusowi HPV dla dziewczynek&nbsp; od 11 lat. W roku 2022 jeste\u015bmy realizatorami szczepie\u0144 przeciwko HPV dla dzieci z Gmin: Sob\u00f3tka, Kobierzyce oraz Ole\u015bnica.&nbsp; W tym roku rozpocz\u0119to szczepienia w tym zakresie tak\u017ce dla ch\u0142opc\u00f3w.&nbsp;<a href=\"http:\/\/www.przychodnia.sobotka.pl\/?page_id=1108\"><strong>Wi\u0119cej informacji\u2026&nbsp;<\/strong><\/a>&nbsp;&nbsp; &nbsp; &nbsp; &nbsp; &nbsp; &nbsp; &nbsp; &nbsp; &nbsp; &nbsp; &nbsp; &nbsp; &nbsp; &nbsp; &nbsp; &nbsp; &nbsp; &nbsp; &nbsp; &nbsp; &nbsp; &nbsp; &nbsp; &nbsp; &nbsp; &nbsp; &nbsp; &nbsp; &nbsp; &nbsp; &nbsp; &nbsp; &nbsp; &nbsp; &nbsp; &nbsp; &nbsp; &nbsp; &nbsp; &nbsp; &nbsp; &nbsp; &nbsp; &nbsp; &nbsp; &nbsp;&nbsp;<\/p>\n<p>&nbsp;<\/p>\n<p>&nbsp;<\/p>\n<\/div><\/div>","protected":false},"excerpt":{"rendered":"<p>&nbsp; NZOZ \u201ePrzychodnia Rodzinna\u201d Kajderowicz i Bili\u0144ski Ma\u0142gorzata Kajderowicz-Kowalik w Sob\u00f3tce zosta\u0142 utworzony 05 kwietnia 2000 r. na podstawie wpisu do rejestru zak\u0142ad\u00f3w opieki zdrowotnej prowadzonego przez Wojewod\u0119 Dolno\u015bl\u0105skiego.&nbsp; Od 2000 roku udzielamy \u015bwiadczenia medyczne w ramach Narodowego Funduszu Zdrowia oraz prywatnie.&nbsp; Przychodnie mieszcz\u0105 si\u0119: Sob\u00f3tka ul. Torowa 4 (od 2000 roku), Sob\u00f3tka pl. Wolno\u015bci<\/p>\n","protected":false},"author":1,"featured_media":0,"parent":0,"menu_order":0,"comment_status":"closed","ping_status":"closed","template":"","meta":{"ngg_post_thumbnail":0,"footnotes":""},"class_list":["post-1984","page","type-page","status-publish","hentry"],"_links":{"self":[{"href":"http:\/\/przychodnia.sobotka.pl\/index.php?rest_route=\/wp\/v2\/pages\/1984","targetHints":{"allow":["GET"]}}],"collection":[{"href":"http:\/\/przychodnia.sobotka.pl\/index.php?rest_route=\/wp\/v2\/pages"}],"about":[{"href":"http:\/\/przychodnia.sobotka.pl\/index.php?rest_route=\/wp\/v2\/types\/page"}],"author":[{"embeddable":true,"href":"http:\/\/przychodnia.sobotka.pl\/index.php?rest_route=\/wp\/v2\/users\/1"}],"replies":[{"embeddable":true,"href":"http:\/\/przychodnia.sobotka.pl\/index.php?rest_route=%2Fwp%2Fv2%2Fcomments&post=1984"}],"version-history":[{"count":6,"href":"http:\/\/przychodnia.sobotka.pl\/index.php?rest_route=\/wp\/v2\/pages\/1984\/revisions"}],"predecessor-version":[{"id":1997,"href":"http:\/\/przychodnia.sobotka.pl\/index.php?rest_route=\/wp\/v2\/pages\/1984\/revisions\/1997"}],"wp:attachment":[{"href":"http:\/\/przychodnia.sobotka.pl\/index.php?rest_route=%2Fwp%2Fv2%2Fmedia&parent=1984"}],"curies":[{"name":"wp","href":"https:\/\/api.w.org\/{rel}","templated":true}]}}