{"id":1852,"date":"2024-07-31T08:08:25","date_gmt":"2024-07-31T08:08:25","guid":{"rendered":"http:\/\/przychodnia.sobotka.pl\/?page_id=1852"},"modified":"2024-07-31T08:10:23","modified_gmt":"2024-07-31T08:10:23","slug":"zdarzenie-niepozadane","status":"publish","type":"page","link":"http:\/\/przychodnia.sobotka.pl\/?page_id=1852","title":{"rendered":"Zdarzenie niepo\u017c\u0105dane"},"content":{"rendered":"<div id=\"dslc-theme-content\"><div id=\"dslc-theme-content-inner\"><p>Zdarzeniem niepo\u017c\u0105danym jest zdarzenie zaistnia\u0142e w trakcie udzielania lub w efekcie udzielenia b\u0105d\u017a zaniechania udzielenia \u015bwiadczenia opieki zdrowotnej, powoduj\u0105ce lub mog\u0105ce spowodowa\u0107 negatywny skutek dla zdrowia lub \u017cycia pacjenta, w szczeg\u00f3lno\u015bci zgon, uszczerbek na zdrowiu lub rozstr\u00f3j zdrowia, chorob\u0119, zagro\u017cenie \u017cycia, konieczno\u015b\u0107 hospitalizacji albo jej przed\u0142u\u017cenia, a tak\u017ce uszkodzenie cia\u0142a; nie stanowi zdarzenia niepo\u017c\u0105danego zdarzenie, kt\u00f3rego skutek jest przewidywanym skutkiem prawid\u0142owo udzielonego \u015bwiadczenia opieki zdrowotnej.<\/p>\n<p><a href=\"http:\/\/przychodnia.sobotka.pl\/?attachment_id=1855\" rel=\"attachment wp-att-1855\">formularz zdarzenia niepo\u017c\u0105danego<\/a><\/p>\n<\/div><\/div>","protected":false},"excerpt":{"rendered":"<p>Zdarzeniem niepo\u017c\u0105danym jest zdarzenie zaistnia\u0142e w trakcie udzielania lub w efekcie udzielenia b\u0105d\u017a zaniechania udzielenia \u015bwiadczenia opieki zdrowotnej, powoduj\u0105ce lub mog\u0105ce spowodowa\u0107 negatywny skutek dla zdrowia lub \u017cycia pacjenta, w szczeg\u00f3lno\u015bci zgon, uszczerbek na zdrowiu lub rozstr\u00f3j zdrowia, chorob\u0119, zagro\u017cenie \u017cycia, konieczno\u015b\u0107 hospitalizacji albo jej przed\u0142u\u017cenia, a tak\u017ce uszkodzenie cia\u0142a; nie stanowi zdarzenia niepo\u017c\u0105danego zdarzenie,<\/p>\n","protected":false},"author":1,"featured_media":0,"parent":0,"menu_order":0,"comment_status":"closed","ping_status":"closed","template":"","meta":{"ngg_post_thumbnail":0,"footnotes":""},"class_list":["post-1852","page","type-page","status-publish","hentry"],"_links":{"self":[{"href":"http:\/\/przychodnia.sobotka.pl\/index.php?rest_route=\/wp\/v2\/pages\/1852","targetHints":{"allow":["GET"]}}],"collection":[{"href":"http:\/\/przychodnia.sobotka.pl\/index.php?rest_route=\/wp\/v2\/pages"}],"about":[{"href":"http:\/\/przychodnia.sobotka.pl\/index.php?rest_route=\/wp\/v2\/types\/page"}],"author":[{"embeddable":true,"href":"http:\/\/przychodnia.sobotka.pl\/index.php?rest_route=\/wp\/v2\/users\/1"}],"replies":[{"embeddable":true,"href":"http:\/\/przychodnia.sobotka.pl\/index.php?rest_route=%2Fwp%2Fv2%2Fcomments&post=1852"}],"version-history":[{"count":3,"href":"http:\/\/przychodnia.sobotka.pl\/index.php?rest_route=\/wp\/v2\/pages\/1852\/revisions"}],"predecessor-version":[{"id":1856,"href":"http:\/\/przychodnia.sobotka.pl\/index.php?rest_route=\/wp\/v2\/pages\/1852\/revisions\/1856"}],"wp:attachment":[{"href":"http:\/\/przychodnia.sobotka.pl\/index.php?rest_route=%2Fwp%2Fv2%2Fmedia&parent=1852"}],"curies":[{"name":"wp","href":"https:\/\/api.w.org\/{rel}","templated":true}]}}