{"id":1726,"date":"2023-10-19T20:19:29","date_gmt":"2023-10-19T20:19:29","guid":{"rendered":"http:\/\/przychodnia.sobotka.pl\/?page_id=1726"},"modified":"2023-10-19T20:22:13","modified_gmt":"2023-10-19T20:22:13","slug":"projekty-ministerstwa-zdrowia-realizacja","status":"publish","type":"page","link":"http:\/\/przychodnia.sobotka.pl\/?page_id=1726","title":{"rendered":"Realizowane projekty Ministerstwa Zdrowia"},"content":{"rendered":"<div id=\"dslc-theme-content\"><div id=\"dslc-theme-content-inner\"><p>NZOZ Przychodnia Rodzinna Kajderowicz i Bili\u0144ski jest realizatorem projekt\u00f3w Ministerstwa Zdrowia, w ramach podstawowej opieki zdrowotnej w rodzaju:<\/p>\n<p>Program pilota\u017cowy w zakresie monitorowania dzieci i m\u0142odzie\u017cy z pierwotnymi i wt\u00f3rnymi<br \/>\nniedoborami odporno\u015bci.<br \/>\nCelem programu pilota\u017cowego jest ocena efektywno\u015bci realizacji \u015bwiadcze\u0144 opieki zdrowotnej z wykorzystaniem innowacyjnego urz\u0105dzenia wielofunkcyjnego do monitorowania dzieci i m\u0142odzie\u017cy z pierwotnymi i wt\u00f3rnymi niedoborami odporno\u015bci, w tym po przebytym zaka\u017ceniu wirusem SARS-CoV-2, w ramach podstawowej opieki zdrowotnej oraz ambulatoryjnej opieki specjalistycznej. &nbsp;&nbsp;<\/p>\n<\/div><\/div>","protected":false},"excerpt":{"rendered":"<p>NZOZ Przychodnia Rodzinna Kajderowicz i Bili\u0144ski jest realizatorem projekt\u00f3w Ministerstwa Zdrowia, w ramach podstawowej opieki zdrowotnej w rodzaju: Program pilota\u017cowy w zakresie monitorowania dzieci i m\u0142odzie\u017cy z pierwotnymi i wt\u00f3rnymi niedoborami odporno\u015bci. Celem programu pilota\u017cowego jest ocena efektywno\u015bci realizacji \u015bwiadcze\u0144 opieki zdrowotnej z wykorzystaniem innowacyjnego urz\u0105dzenia wielofunkcyjnego do monitorowania dzieci i m\u0142odzie\u017cy z pierwotnymi i<\/p>\n","protected":false},"author":1,"featured_media":0,"parent":0,"menu_order":0,"comment_status":"closed","ping_status":"closed","template":"","meta":{"ngg_post_thumbnail":0,"footnotes":""},"class_list":["post-1726","page","type-page","status-publish","hentry"],"_links":{"self":[{"href":"http:\/\/przychodnia.sobotka.pl\/index.php?rest_route=\/wp\/v2\/pages\/1726","targetHints":{"allow":["GET"]}}],"collection":[{"href":"http:\/\/przychodnia.sobotka.pl\/index.php?rest_route=\/wp\/v2\/pages"}],"about":[{"href":"http:\/\/przychodnia.sobotka.pl\/index.php?rest_route=\/wp\/v2\/types\/page"}],"author":[{"embeddable":true,"href":"http:\/\/przychodnia.sobotka.pl\/index.php?rest_route=\/wp\/v2\/users\/1"}],"replies":[{"embeddable":true,"href":"http:\/\/przychodnia.sobotka.pl\/index.php?rest_route=%2Fwp%2Fv2%2Fcomments&post=1726"}],"version-history":[{"count":4,"href":"http:\/\/przychodnia.sobotka.pl\/index.php?rest_route=\/wp\/v2\/pages\/1726\/revisions"}],"predecessor-version":[{"id":1730,"href":"http:\/\/przychodnia.sobotka.pl\/index.php?rest_route=\/wp\/v2\/pages\/1726\/revisions\/1730"}],"wp:attachment":[{"href":"http:\/\/przychodnia.sobotka.pl\/index.php?rest_route=%2Fwp%2Fv2%2Fmedia&parent=1726"}],"curies":[{"name":"wp","href":"https:\/\/api.w.org\/{rel}","templated":true}]}}