{"id":1694,"date":"2023-06-29T08:54:40","date_gmt":"2023-06-29T08:54:40","guid":{"rendered":"http:\/\/przychodnia.sobotka.pl\/?page_id=1694"},"modified":"2023-10-19T19:31:25","modified_gmt":"2023-10-19T19:31:25","slug":"deklaracje-wyboru-lekarza-pielegniarki-poloznej","status":"publish","type":"page","link":"http:\/\/przychodnia.sobotka.pl\/?page_id=1694","title":{"rendered":"Deklaracje wyboru lekarza, piel\u0119gniarki , po\u0142o\u017cnej"},"content":{"rendered":"<div id=\"dslc-theme-content\"><div id=\"dslc-theme-content-inner\"><p>Wzory deklaracji wyboru lekarza, piel\u0119gniarki, po\u0142o\u017cnej mo\u017cna pobra\u0107 poni\u017cej:<\/p>\n<p><a href=\"http:\/\/przychodnia.sobotka.pl\/?attachment_id=1702\" rel=\"attachment wp-att-1702\">Deklaracja wyboru lekarza POZ<\/a><br \/>\n<a href=\"http:\/\/przychodnia.sobotka.pl\/?attachment_id=1703\" rel=\"attachment wp-att-1703\">Deklaracja wyboru piel\u0119gniarki POZ<\/a><br \/>\n<a href=\"http:\/\/przychodnia.sobotka.pl\/?attachment_id=1706\" rel=\"attachment wp-att-1706\">Deklaracja wyboru po\u0142o\u017cnej POZ<\/a><\/p>\n<p>Informacje dodatkowe<\/p>\n<p>Pacjent mo\u017ce bezp\u0142atnie dwa razy do roku wybra\u0107 Podmiot leczniczy POZ (lekarza, piel\u0119gniark\u0119, po\u0142o\u017cn\u0105). Ka\u017cda kolejna zmiana \u015bwiadczeniodawcy zwi\u0105zana jest z konieczno\u015bci\u0105 wniesienia op\u0142aty w wysoko\u015bci 80 z\u0142. Wyj\u0105tkiem jest zmiana miejsca zamieszkania pacjenta lub zamkni\u0119cie plac\u00f3wki, do kt\u00f3rej pacjent by\u0142 zadeklarowany.<\/p>\n<p>Numer rachunku bankowego NFZ, na kt\u00f3re Pacjent (\u015awiadczeniobiorca) winien dokona\u0107 wp\u0142aty za deklaracj\u0119 trzeciego lub kolejnego wyboru: 49 1130 1033 0018 7969 3720 0001<br \/>\nW tytule przelewu nale\u017cy poda\u0107 imi\u0119, nazwisko oraz rok z\u0142o\u017cenia deklaracji<\/p>\n<p><span style=\"font-size: small;\">Podstawa prawna:<\/span><\/p>\n<ol>\n<li><span style=\"font-size: small;\">Art. 9 ust. 1,2,4,5 ustawy z dnia 27 pa\u017adziernika 2017 r. o podstawowej opiece zdrowotnej (t.j. Dz.U. z 2022 r. poz. 2527).<\/span><\/li>\n<li><span style=\"font-size: small;\">Zarz\u0105dzenia nr 79\/2022\/DSOZ Prezesa NFZ z dnia 29 czerwca 2022 r. w sprawie \u015bwiadcze\u0144 warunk\u00f3w zawarcia i realizacji um\u00f3w o udzielanie \u015bwiadcze\u0144 opieki zdrowotnej w rodzaju podstawowa opieka zdrowotna z p\u00f3\u017an.zm.<\/span><\/li>\n<li><span style=\"font-size: small;\">Art. 26 ust.3 pkt 2 ustawy o prawach pacjenta i Rzeczniku Praw Pacjenta (t.j. Dz.U. z 2023 r. poz. 1545).<\/span><\/li>\n<li><span style=\"font-size: small;\">Ustawa z dnia 27 sierpnia 2004 r. o \u015bwiadczeniach opieki zdrowotnej finansowanych ze \u015brodk\u00f3w publicznych (t.j. Dz.U. z 2022 r. poz. 2561).<\/span><\/li>\n<li><span style=\"font-size: small;\">Rozporz\u0105dzenie Ministra Zdrowia z dnia 26 czerwca 2020 r. w sprawie wzor\u00f3w deklaracji wyboru \u015bwiadczeniodawcy udzielaj\u0105cego \u015bwiadcze\u0144 z zakresu podstawowej opieki zdrowotnej (Dz.U. z 2020 r. poz. 1143).<\/span><\/li>\n<\/ol>\n<\/div><\/div>","protected":false},"excerpt":{"rendered":"<p>Wzory deklaracji wyboru lekarza, piel\u0119gniarki, po\u0142o\u017cnej mo\u017cna pobra\u0107 poni\u017cej: Deklaracja wyboru lekarza POZ Deklaracja wyboru piel\u0119gniarki POZ Deklaracja wyboru po\u0142o\u017cnej POZ Informacje dodatkowe Pacjent mo\u017ce bezp\u0142atnie dwa razy do roku wybra\u0107 Podmiot leczniczy POZ (lekarza, piel\u0119gniark\u0119, po\u0142o\u017cn\u0105). Ka\u017cda kolejna zmiana \u015bwiadczeniodawcy zwi\u0105zana jest z konieczno\u015bci\u0105 wniesienia op\u0142aty w wysoko\u015bci 80 z\u0142. Wyj\u0105tkiem jest zmiana miejsca<\/p>\n","protected":false},"author":1,"featured_media":0,"parent":0,"menu_order":0,"comment_status":"closed","ping_status":"closed","template":"","meta":{"ngg_post_thumbnail":0,"footnotes":""},"class_list":["post-1694","page","type-page","status-publish","hentry"],"_links":{"self":[{"href":"http:\/\/przychodnia.sobotka.pl\/index.php?rest_route=\/wp\/v2\/pages\/1694","targetHints":{"allow":["GET"]}}],"collection":[{"href":"http:\/\/przychodnia.sobotka.pl\/index.php?rest_route=\/wp\/v2\/pages"}],"about":[{"href":"http:\/\/przychodnia.sobotka.pl\/index.php?rest_route=\/wp\/v2\/types\/page"}],"author":[{"embeddable":true,"href":"http:\/\/przychodnia.sobotka.pl\/index.php?rest_route=\/wp\/v2\/users\/1"}],"replies":[{"embeddable":true,"href":"http:\/\/przychodnia.sobotka.pl\/index.php?rest_route=%2Fwp%2Fv2%2Fcomments&post=1694"}],"version-history":[{"count":8,"href":"http:\/\/przychodnia.sobotka.pl\/index.php?rest_route=\/wp\/v2\/pages\/1694\/revisions"}],"predecessor-version":[{"id":1716,"href":"http:\/\/przychodnia.sobotka.pl\/index.php?rest_route=\/wp\/v2\/pages\/1694\/revisions\/1716"}],"wp:attachment":[{"href":"http:\/\/przychodnia.sobotka.pl\/index.php?rest_route=%2Fwp%2Fv2%2Fmedia&parent=1694"}],"curies":[{"name":"wp","href":"https:\/\/api.w.org\/{rel}","templated":true}]}}