{"id":1661,"date":"2023-06-15T06:56:24","date_gmt":"2023-06-15T06:56:24","guid":{"rendered":"http:\/\/przychodnia.sobotka.pl\/?page_id=1661"},"modified":"2025-01-31T08:30:01","modified_gmt":"2025-01-31T08:30:01","slug":"kontakt-przychodnie","status":"publish","type":"page","link":"http:\/\/przychodnia.sobotka.pl\/?page_id=1661","title":{"rendered":"KONTAKT PRZYCHODNIE"},"content":{"rendered":"<div id=\"dslc-theme-content\"><div id=\"dslc-theme-content-inner\"><p><strong><span style=\"font-size: 12pt;\">Kontakty do plac\u00f3wek&nbsp;&nbsp;<\/span><\/strong><\/p>\n<table style=\"height: 389px; width: 100%; border-collapse: collapse; border-color: #ffffff;\">\n<tbody>\n<tr style=\"height: 28px;\">\n<td style=\"width: 50%; height: 28px; text-align: center;\"><strong>Siedziba&nbsp;<\/strong><\/td>\n<td style=\"width: 50%; height: 28px; text-align: center;\"><strong>Kontakt<\/strong><\/td>\n<\/tr>\n<tr style=\"height: 28px;\">\n<td style=\"width: 50%; height: 28px; text-align: left;\"><strong><b>Poradnia&nbsp;<\/b><b>Podstawowej Opieki Zdrowotnej&nbsp;<\/b><br \/>\n<\/strong><strong>Poradnie Specjalistyczne<br \/>\n<\/strong>ul. Kr\u00f3tka 2\/B&nbsp; 55-050 Sob\u00f3tka&nbsp;<br \/>\n@&nbsp; &nbsp;kontakt.przychodnia@onet.pl<strong><br \/>\n<\/strong><\/td>\n<td style=\"width: 50%; height: 28px; text-align: left;\"><strong>Rejestracja:&nbsp;<\/strong><br \/>\ntel.&nbsp; 71 390 42 00 \/&nbsp;+48 880 174 914<br \/>\n<strong>Recepty zam\u00f3wienia:<\/strong><br \/>\n@&nbsp; &nbsp;recepty.nzozsob@gmail.com<\/td>\n<\/tr>\n<tr style=\"height: 28px;\">\n<td style=\"width: 50%; height: 28px; text-align: left;\"><b>Poradnia Medycyny Pracy<\/b><br \/>\n<b>Rejestracja Medycyna Pracy<\/b>:<br \/>\nCzynna od poniedzia\u0142ku do pi\u0105tku<br \/>\n&nbsp;w godzinach od 12:00 do 14:00<\/td>\n<td style=\"width: 50%; height: 28px; text-align: left;\">tel. 71 390 42 00<br \/>\n@&nbsp; &nbsp;medycynapracy@onet.com.pl<\/td>\n<\/tr>\n<tr style=\"height: 28px;\">\n<td style=\"width: 50%; height: 28px; text-align: center;\"><strong>Filie<\/strong><\/td>\n<td style=\"width: 50%; height: 28px; text-align: center;\"><strong>Kontakt<\/strong><\/td>\n<\/tr>\n<tr style=\"height: 84px;\">\n<td style=\"width: 50%; text-align: left; height: 68px;\"><b>Poradnia&nbsp;<\/b><b>Stomatologiczna<br \/>\n<\/b>ul. Kr\u00f3tka 2\/A&nbsp; 55-050 Sob\u00f3tka<\/td>\n<td style=\"width: 50%; height: 68px; text-align: left;\">&nbsp;tel.&nbsp; +48 668360977&nbsp;<\/td>\n<\/tr>\n<tr style=\"height: 111px;\">\n<td style=\"width: 50%; text-align: left; height: 111px;\"><strong><b>Poradnia&nbsp;<\/b><b>Podstawowej Opieki Zdrowotnej<br \/>\n<\/b><\/strong>ul. Pocztowa 4&nbsp; 55-065 Jordan\u00f3w \u015al\u0105ski<strong><b><br \/>\n<\/b><\/strong><strong><br \/>\n<\/strong><\/td>\n<td style=\"width: 50%; height: 111px; text-align: left;\">tel. 71 316 16 60&nbsp; &nbsp;\/ +48 601 519 607&nbsp;<br \/>\n@&nbsp; &nbsp;przychodnia.jorda@onet.pl<br \/>\n<strong>Recepty zam\u00f3wienia:<\/strong><br \/>\n@&nbsp; &nbsp; recepty.nzozjord@gmail.com<\/td>\n<\/tr>\n<tr style=\"height: 112px;\">\n<td style=\"width: 50%; text-align: left; height: 32px;\"><strong><b>Poradnia Stomatologiczna<br \/>\n<\/b><\/strong>ul. Pocztowa 4&nbsp; 55-065 Jordan\u00f3w \u015al\u0105ski<\/td>\n<td style=\"width: 50%; text-align: left; height: 32px;\">tel. 71 316 16 60&nbsp; \/&nbsp; +48 601 519 607<br \/>\n@&nbsp; &nbsp; przychodnia.jorda@onet.pl<\/td>\n<\/tr>\n<\/tbody>\n<\/table>\n<p>&nbsp;<\/p>\n<p><strong style=\"color: #000000; font-size: 16px;\">Mo\u017cna napisa\u0107 do nas korzystaj\u0105c z poni\u017cszego formularza:<\/strong><\/p>\n\n<div class=\"wpcf7 no-js\" id=\"wpcf7-f64-o1\" lang=\"pl-PL\" dir=\"ltr\" data-wpcf7-id=\"64\">\n<div class=\"screen-reader-response\"><p role=\"status\" aria-live=\"polite\" aria-atomic=\"true\"><\/p> <ul><\/ul><\/div>\n<form action=\"\/index.php?rest_route=%2Fwp%2Fv2%2Fpages%2F1661#wpcf7-f64-o1\" method=\"post\" class=\"wpcf7-form init\" aria-label=\"Formularz kontaktowy\" novalidate=\"novalidate\" data-status=\"init\">\n<fieldset class=\"hidden-fields-container\"><input type=\"hidden\" name=\"_wpcf7\" value=\"64\" \/><input type=\"hidden\" name=\"_wpcf7_version\" value=\"6.1.5\" \/><input type=\"hidden\" name=\"_wpcf7_locale\" value=\"pl_PL\" \/><input type=\"hidden\" name=\"_wpcf7_unit_tag\" value=\"wpcf7-f64-o1\" \/><input type=\"hidden\" name=\"_wpcf7_container_post\" value=\"0\" \/><input type=\"hidden\" name=\"_wpcf7_posted_data_hash\" value=\"\" \/>\n<\/fieldset>\n<p><label> Imi\u0119 i nazwisko (wymagane)<br \/>\n<span class=\"wpcf7-form-control-wrap\" data-name=\"your-name\"><input size=\"40\" maxlength=\"400\" class=\"wpcf7-form-control wpcf7-text wpcf7-validates-as-required\" aria-required=\"true\" aria-invalid=\"false\" value=\"\" type=\"text\" name=\"your-name\" \/><\/span> <\/label>\n<\/p>\n<p><label> Adres email (wymagane)<br \/>\n<span class=\"wpcf7-form-control-wrap\" data-name=\"your-email\"><input size=\"40\" maxlength=\"400\" class=\"wpcf7-form-control wpcf7-email wpcf7-validates-as-required wpcf7-text wpcf7-validates-as-email\" aria-required=\"true\" aria-invalid=\"false\" value=\"\" type=\"email\" name=\"your-email\" \/><\/span> <\/label>\n<\/p>\n<p><label> Temat<br \/>\n<span class=\"wpcf7-form-control-wrap\" data-name=\"your-subject\"><input size=\"40\" maxlength=\"400\" class=\"wpcf7-form-control wpcf7-text\" aria-invalid=\"false\" value=\"\" type=\"text\" name=\"your-subject\" \/><\/span> <\/label>\n<\/p>\n<p><label> Tre\u015b\u0107 wiadomo\u015bci<br \/>\n<span class=\"wpcf7-form-control-wrap\" data-name=\"your-message\"><textarea cols=\"40\" rows=\"10\" maxlength=\"2000\" class=\"wpcf7-form-control wpcf7-textarea\" aria-invalid=\"false\" name=\"your-message\"><\/textarea><\/span> <\/label>\n<\/p>\n<p><input class=\"wpcf7-form-control wpcf7-submit has-spinner\" type=\"submit\" value=\"Wy\u015blij\" \/>\n<\/p><div class=\"wpcf7-response-output\" aria-hidden=\"true\"><\/div>\n<\/form>\n<\/div>\n\r\n\t\t\t\t<script>\r\n\t\t\t\tif ( typeof huOptions !== 'undefined' ) {\r\n\t\t\t\t\tvar huFormData = {\"source\":\"contactform7\",\"id\":64,\"title\":\"Formularz 1\",\"fields\":{\"subject\":{\"first_name\":\"your-name\",\"email\":\"your-email\"},\"preferences\":{\"terms\":\"your-consent\"}}};\r\n\t\t\t\t\tvar huFormNode = document.querySelector( '[id^=\"wpcf7-f64-\"] form' );\r\n\r\n\t\t\t\t\thuFormData['node'] = huFormNode;\r\n\t\t\t\t\thuOptions['forms'].push( huFormData );\r\n\t\t\t\t}\r\n\t\t\t\t<\/script>\n<\/div><\/div>","protected":false},"excerpt":{"rendered":"<p>Kontakty do plac\u00f3wek&nbsp;&nbsp; Siedziba&nbsp; Kontakt Poradnia&nbsp;Podstawowej Opieki Zdrowotnej&nbsp; Poradnie Specjalistyczne ul. Kr\u00f3tka 2\/B&nbsp; 55-050 Sob\u00f3tka&nbsp; @&nbsp; &nbsp;kontakt.przychodnia@onet.pl Rejestracja:&nbsp; tel.&nbsp; 71 390 42 00 \/&nbsp;+48 880 174 914 Recepty zam\u00f3wienia: @&nbsp; &nbsp;recepty.nzozsob@gmail.com Poradnia Medycyny Pracy Rejestracja Medycyna Pracy: Czynna od poniedzia\u0142ku do pi\u0105tku &nbsp;w godzinach od 12:00 do 14:00 tel. 71 390 42 00 @&nbsp; &nbsp;medycynapracy@onet.com.pl<\/p>\n","protected":false},"author":1,"featured_media":0,"parent":0,"menu_order":0,"comment_status":"closed","ping_status":"closed","template":"","meta":{"ngg_post_thumbnail":0,"footnotes":""},"class_list":["post-1661","page","type-page","status-publish","hentry"],"_links":{"self":[{"href":"http:\/\/przychodnia.sobotka.pl\/index.php?rest_route=\/wp\/v2\/pages\/1661","targetHints":{"allow":["GET"]}}],"collection":[{"href":"http:\/\/przychodnia.sobotka.pl\/index.php?rest_route=\/wp\/v2\/pages"}],"about":[{"href":"http:\/\/przychodnia.sobotka.pl\/index.php?rest_route=\/wp\/v2\/types\/page"}],"author":[{"embeddable":true,"href":"http:\/\/przychodnia.sobotka.pl\/index.php?rest_route=\/wp\/v2\/users\/1"}],"replies":[{"embeddable":true,"href":"http:\/\/przychodnia.sobotka.pl\/index.php?rest_route=%2Fwp%2Fv2%2Fcomments&post=1661"}],"version-history":[{"count":11,"href":"http:\/\/przychodnia.sobotka.pl\/index.php?rest_route=\/wp\/v2\/pages\/1661\/revisions"}],"predecessor-version":[{"id":1885,"href":"http:\/\/przychodnia.sobotka.pl\/index.php?rest_route=\/wp\/v2\/pages\/1661\/revisions\/1885"}],"wp:attachment":[{"href":"http:\/\/przychodnia.sobotka.pl\/index.php?rest_route=%2Fwp%2Fv2%2Fmedia&parent=1661"}],"curies":[{"name":"wp","href":"https:\/\/api.w.org\/{rel}","templated":true}]}}