{"id":1644,"date":"2023-06-14T11:02:09","date_gmt":"2023-06-14T11:02:09","guid":{"rendered":"http:\/\/przychodnia.sobotka.pl\/?page_id=1644"},"modified":"2023-06-14T11:08:50","modified_gmt":"2023-06-14T11:08:50","slug":"konto-bankowe","status":"publish","type":"page","link":"http:\/\/przychodnia.sobotka.pl\/?page_id=1644","title":{"rendered":"Konto bankowe"},"content":{"rendered":"<div id=\"dslc-theme-content\"><div id=\"dslc-theme-content-inner\"><p>Konto do dokonywania wp\u0142at&nbsp;<\/p>\n<p>NZOZ Przychodnia Rodzinna Kajderowicz i Bili\u0144ski<br \/>\nPKO Bank Polski<br \/>\n<span style=\"font-family: arial, helvetica, sans-serif;\">Oddzia\u0142 3 we Wroc\u0142awiu<br \/>\n48 1020 5242 0000 2302 0180 1422<\/span><\/p>\n<p><span style=\"font-family: arial, helvetica, sans-serif;\">SWIFT: BPKOPLPW<\/span><\/p>\n<\/div><\/div>","protected":false},"excerpt":{"rendered":"<p>Konto do dokonywania wp\u0142at&nbsp; NZOZ Przychodnia Rodzinna Kajderowicz i Bili\u0144ski PKO Bank Polski Oddzia\u0142 3 we Wroc\u0142awiu 48 1020 5242 0000 2302 0180 1422 SWIFT: BPKOPLPW<\/p>\n","protected":false},"author":1,"featured_media":0,"parent":0,"menu_order":0,"comment_status":"closed","ping_status":"closed","template":"","meta":{"ngg_post_thumbnail":0,"footnotes":""},"class_list":["post-1644","page","type-page","status-publish","hentry"],"_links":{"self":[{"href":"http:\/\/przychodnia.sobotka.pl\/index.php?rest_route=\/wp\/v2\/pages\/1644","targetHints":{"allow":["GET"]}}],"collection":[{"href":"http:\/\/przychodnia.sobotka.pl\/index.php?rest_route=\/wp\/v2\/pages"}],"about":[{"href":"http:\/\/przychodnia.sobotka.pl\/index.php?rest_route=\/wp\/v2\/types\/page"}],"author":[{"embeddable":true,"href":"http:\/\/przychodnia.sobotka.pl\/index.php?rest_route=\/wp\/v2\/users\/1"}],"replies":[{"embeddable":true,"href":"http:\/\/przychodnia.sobotka.pl\/index.php?rest_route=%2Fwp%2Fv2%2Fcomments&post=1644"}],"version-history":[{"count":5,"href":"http:\/\/przychodnia.sobotka.pl\/index.php?rest_route=\/wp\/v2\/pages\/1644\/revisions"}],"predecessor-version":[{"id":1649,"href":"http:\/\/przychodnia.sobotka.pl\/index.php?rest_route=\/wp\/v2\/pages\/1644\/revisions\/1649"}],"wp:attachment":[{"href":"http:\/\/przychodnia.sobotka.pl\/index.php?rest_route=%2Fwp%2Fv2%2Fmedia&parent=1644"}],"curies":[{"name":"wp","href":"https:\/\/api.w.org\/{rel}","templated":true}]}}