{"id":1577,"date":"2023-06-13T12:02:40","date_gmt":"2023-06-13T12:02:40","guid":{"rendered":"http:\/\/przychodnia.sobotka.pl\/?page_id=1577"},"modified":"2026-01-15T08:54:36","modified_gmt":"2026-01-15T08:54:36","slug":"kontakt-1","status":"publish","type":"page","link":"http:\/\/przychodnia.sobotka.pl\/?page_id=1577","title":{"rendered":"KONTAKT"},"content":{"rendered":"<div id=\"dslc-theme-content\"><div id=\"dslc-theme-content-inner\"><p><strong>NZOZ Przychodnia Rodzinna Kajderowicz i Bili\u0144ski<br \/>\nMa\u0142gorzata Kajderowicz-Kowalik<\/strong><\/p>\n<p>ul. Kr\u00f3tka 2\/B<br \/>\n55-050 Sob\u00f3tka<\/p>\n<p>Centrala&nbsp; tel. 71 390 42 00&nbsp;<br \/>\nRejestracja tel.&nbsp; &nbsp;71 390 42 00 w. 1&nbsp; &nbsp; &nbsp; &nbsp;&nbsp;<br \/>\nZabiegowy tel.&nbsp; &nbsp;71 390 42 00 w. 2<br \/>\nRozliczenia tel.&nbsp; 71 390 42 00 w. 3<\/p>\n<p>Rejestracja tel. 880 174 914<\/p>\n<p>Kontakt e-mailowy:<br \/>\nSekretariat:&nbsp; &nbsp; kontakt.przychodnia@onet.pl<br \/>\nRozliczenia:&nbsp; &nbsp;medycynapracy@onet.com.pl<br \/>\nAdministracja podmiotu:&nbsp; nzozsobotka@onet.pl<\/p>\n<p>Adres do e-dor\u0119cze\u0144 AE:PL-33814-41247-RTEAW-28<\/p>\n<p>NIP 8941788651<br \/>\nREGON 931902839<\/p>\n<p><strong style=\"color: #000000; font-size: 16px;\">Mo\u017cna napisa\u0107 do nas korzystaj\u0105c z poni\u017cszego formularza:<\/strong><\/p>\n\n<div class=\"wpcf7 no-js\" id=\"wpcf7-f64-o1\" lang=\"pl-PL\" dir=\"ltr\" data-wpcf7-id=\"64\">\n<div class=\"screen-reader-response\"><p role=\"status\" aria-live=\"polite\" aria-atomic=\"true\"><\/p> <ul><\/ul><\/div>\n<form action=\"\/index.php?rest_route=%2Fwp%2Fv2%2Fpages%2F1577#wpcf7-f64-o1\" method=\"post\" class=\"wpcf7-form init\" aria-label=\"Formularz kontaktowy\" novalidate=\"novalidate\" data-status=\"init\">\n<fieldset class=\"hidden-fields-container\"><input type=\"hidden\" name=\"_wpcf7\" value=\"64\" \/><input type=\"hidden\" name=\"_wpcf7_version\" value=\"6.1.5\" \/><input type=\"hidden\" name=\"_wpcf7_locale\" value=\"pl_PL\" \/><input type=\"hidden\" name=\"_wpcf7_unit_tag\" value=\"wpcf7-f64-o1\" \/><input type=\"hidden\" name=\"_wpcf7_container_post\" value=\"0\" \/><input type=\"hidden\" name=\"_wpcf7_posted_data_hash\" value=\"\" \/>\n<\/fieldset>\n<p><label> Imi\u0119 i nazwisko (wymagane)<br \/>\n<span class=\"wpcf7-form-control-wrap\" data-name=\"your-name\"><input size=\"40\" maxlength=\"400\" class=\"wpcf7-form-control wpcf7-text wpcf7-validates-as-required\" aria-required=\"true\" aria-invalid=\"false\" value=\"\" type=\"text\" name=\"your-name\" \/><\/span> <\/label>\n<\/p>\n<p><label> Adres email (wymagane)<br \/>\n<span class=\"wpcf7-form-control-wrap\" data-name=\"your-email\"><input size=\"40\" maxlength=\"400\" class=\"wpcf7-form-control wpcf7-email wpcf7-validates-as-required wpcf7-text wpcf7-validates-as-email\" aria-required=\"true\" aria-invalid=\"false\" value=\"\" type=\"email\" name=\"your-email\" \/><\/span> <\/label>\n<\/p>\n<p><label> Temat<br \/>\n<span class=\"wpcf7-form-control-wrap\" data-name=\"your-subject\"><input size=\"40\" maxlength=\"400\" class=\"wpcf7-form-control wpcf7-text\" aria-invalid=\"false\" value=\"\" type=\"text\" name=\"your-subject\" \/><\/span> <\/label>\n<\/p>\n<p><label> Tre\u015b\u0107 wiadomo\u015bci<br \/>\n<span class=\"wpcf7-form-control-wrap\" data-name=\"your-message\"><textarea cols=\"40\" rows=\"10\" maxlength=\"2000\" class=\"wpcf7-form-control wpcf7-textarea\" aria-invalid=\"false\" name=\"your-message\"><\/textarea><\/span> <\/label>\n<\/p>\n<p><input class=\"wpcf7-form-control wpcf7-submit has-spinner\" type=\"submit\" value=\"Wy\u015blij\" \/>\n<\/p><div class=\"wpcf7-response-output\" aria-hidden=\"true\"><\/div>\n<\/form>\n<\/div>\n\r\n\t\t\t\t<script>\r\n\t\t\t\tif ( typeof huOptions !== 'undefined' ) {\r\n\t\t\t\t\tvar huFormData = {\"source\":\"contactform7\",\"id\":64,\"title\":\"Formularz 1\",\"fields\":{\"subject\":{\"first_name\":\"your-name\",\"email\":\"your-email\"},\"preferences\":{\"terms\":\"your-consent\"}}};\r\n\t\t\t\t\tvar huFormNode = document.querySelector( '[id^=\"wpcf7-f64-\"] form' );\r\n\r\n\t\t\t\t\thuFormData['node'] = huFormNode;\r\n\t\t\t\t\thuOptions['forms'].push( huFormData );\r\n\t\t\t\t}\r\n\t\t\t\t<\/script>\n<p>Administratorem danych osobowych jest NZOZ \"Przychodnia Rodzinna\" Kajderowicz i Bili\u0144ski Ma\u0142gorzata Kajderowicz-Kowalik, kontakt email: <a style=\"color: #003366;\" href=\"mailto:nzozsobotka@onet.pl\">nzozsobotka@onet.pl<\/a>. Dane osobowe przetwarzane s\u0105 w celu obs\u0142ugi korespondencji z Pa\u0144stwem. Wi\u0119cej informacji na temat przetwarzania danych osobowych na naszej <a style=\"color: #003366;\" href=\"https:\/\/przychodnia.sobotka.pl\/?page_id=388\">stronie internetowej<\/a>.<\/p>\n<\/div><\/div>","protected":false},"excerpt":{"rendered":"<p>NZOZ Przychodnia Rodzinna Kajderowicz i Bili\u0144ski Ma\u0142gorzata Kajderowicz-Kowalik ul. Kr\u00f3tka 2\/B 55-050 Sob\u00f3tka Centrala&nbsp; tel. 71 390 42 00&nbsp; Rejestracja tel.&nbsp; &nbsp;71 390 42 00 w. 1&nbsp; &nbsp; &nbsp; &nbsp;&nbsp; Zabiegowy tel.&nbsp; &nbsp;71 390 42 00 w. 2 Rozliczenia tel.&nbsp; 71 390 42 00 w. 3 Rejestracja tel. 880 174 914 Kontakt e-mailowy: Sekretariat:&nbsp; &nbsp;<\/p>\n","protected":false},"author":1,"featured_media":0,"parent":0,"menu_order":0,"comment_status":"closed","ping_status":"closed","template":"","meta":{"ngg_post_thumbnail":0,"footnotes":""},"class_list":["post-1577","page","type-page","status-publish","hentry"],"_links":{"self":[{"href":"http:\/\/przychodnia.sobotka.pl\/index.php?rest_route=\/wp\/v2\/pages\/1577","targetHints":{"allow":["GET"]}}],"collection":[{"href":"http:\/\/przychodnia.sobotka.pl\/index.php?rest_route=\/wp\/v2\/pages"}],"about":[{"href":"http:\/\/przychodnia.sobotka.pl\/index.php?rest_route=\/wp\/v2\/types\/page"}],"author":[{"embeddable":true,"href":"http:\/\/przychodnia.sobotka.pl\/index.php?rest_route=\/wp\/v2\/users\/1"}],"replies":[{"embeddable":true,"href":"http:\/\/przychodnia.sobotka.pl\/index.php?rest_route=%2Fwp%2Fv2%2Fcomments&post=1577"}],"version-history":[{"count":83,"href":"http:\/\/przychodnia.sobotka.pl\/index.php?rest_route=\/wp\/v2\/pages\/1577\/revisions"}],"predecessor-version":[{"id":2083,"href":"http:\/\/przychodnia.sobotka.pl\/index.php?rest_route=\/wp\/v2\/pages\/1577\/revisions\/2083"}],"wp:attachment":[{"href":"http:\/\/przychodnia.sobotka.pl\/index.php?rest_route=%2Fwp%2Fv2%2Fmedia&parent=1577"}],"curies":[{"name":"wp","href":"https:\/\/api.w.org\/{rel}","templated":true}]}}