{"id":1571,"date":"2023-06-12T11:14:10","date_gmt":"2023-06-12T11:14:10","guid":{"rendered":"http:\/\/przychodnia.sobotka.pl\/?page_id=1571"},"modified":"2024-06-21T09:51:26","modified_gmt":"2024-06-21T09:51:26","slug":"opieka-koordynowana-poz","status":"publish","type":"page","link":"http:\/\/przychodnia.sobotka.pl\/?page_id=1571","title":{"rendered":"Opieka Koordynowana POZ"},"content":{"rendered":"<div id=\"dslc-theme-content\"><div id=\"dslc-theme-content-inner\"><h3><span style=\"font-size: 12pt;\"><strong>NZOZ Przychodnia Rodzinna realizuje Opiek\u0119 koordynowan\u0105 (OK) w POZ<\/strong><\/span><\/h3>\n<p style=\"font-weight: 400;\">NZOZ Przychodnia Rodzinna wychodz\u0105c naprzeciw potrzebom pacjent\u00f3w, w zakresie podstawowej opieki zdrowotnej uruchomi\u0142a rozszerzony zakres \u015bwiadcze\u0144, obejmuj\u0105cy mo\u017cliwo\u015b\u0107 leczenia przewlek\u0142ych chor\u00f3b naszych pacjent\u00f3w w ramach Opieki koordynowanej.&nbsp;<\/p>\n<p style=\"font-weight: 400;\">W latach 2018 r. \u2013 2021r. byli\u015bmy realizatorami projektu dofinansowanego z Funduszy Europejskich pn. \u201ePrzygotowanie, przetestowanie i wdro\u017cenie do systemu opieki zdrowotnej organizacji opieki koordynowanej (OOK) Etap II Faza pilota\u017cowa \u2013 model POZ PLUS, co by\u0142o wst\u0119pem do wdro\u017cenia OK w podstawowej opiece zdrowotnej. Dzi\u0119ki tym dzia\u0142aniom umo\u017cliwili\u015bmy naszym pacjentom du\u017co wcze\u015bniej&nbsp; dost\u0119p do opieki specjalistycznej w ramach realizowanego programu POZ PLUS <a href=\"http:\/\/przychodnia.sobotka.pl\/?page_id=15\">wi\u0119cej informacji o zrealizowanym projekcie<\/a>.&nbsp; &nbsp;<\/p>\n<p style=\"font-weight: 400;\">Wprowadzona aktualnie do zakresu \u015bwiadcze\u0144 podstawowej opieki zdrowotnej Opieka koordynowana umo\u017cliwia pacjentom diagnostyk\u0119 i leczenie chor\u00f3b przewlek\u0142ych, w ramach \u015bwiadcze\u0144 udzielanych przez lekarza rodzinnego. W sytuacjach medycznie uzasadnionych lekarz rodzinny mo\u017ce zleci\u0107 pacjentowi dodatkowe badania, a leczenie w tym zakresie prowadzone jest w formie Indywidualnego Planu Opieki Medycznej&nbsp; (IPOM) pacjenta.<\/p>\n<p style=\"font-weight: 400;\">Lekarz rodzinny w ramach Opieki koordynowanej wsp\u00f3\u0142pracuje z lekarzami specjalistami, piel\u0119gniark\u0105 POZ i dietetykiem. &nbsp;Zajmuje si\u0119 profilaktyk\u0105, diagnozowaniem, leczeniem i edukacj\u0105 pacjenta. W ramach Opieki koordynowanej realizujemy w naszych plac\u00f3wkach \u015bcie\u017cki specjalistyczne: kardiologiczna, diabetologiczna, endokrynologiczna i pulmonologiczna.<\/p>\n<p style=\"font-weight: 400;\">Koordynator OK jest w sta\u0142ym kontakcie z zespo\u0142em udzielaj\u0105cym \u015bwiadcze\u0144 w ramach Opieki koordynowanej,&nbsp; zajmuje si\u0119 informowaniem pacjenta o kolejnych etapach leczenia, umawia na badania i udziela odpowiedzi w tym zakresie.<\/p>\n<p style=\"font-weight: 400;\"><strong>Opieka koordynowana&nbsp;<\/strong><strong>kontakt<\/strong><br \/>\n<strong>Koordynator OK - <\/strong><strong>mgr Ewa Tokarz-Szajner&nbsp;<br \/>\ntel. 601 520 511&nbsp; &nbsp; poniedzia\u0142ek - pi\u0105tek 08:00-14:00<\/strong><\/p>\n<p>&nbsp;<\/p>\n<p>&nbsp;<\/p>\n<\/div><\/div>","protected":false},"excerpt":{"rendered":"<p>NZOZ Przychodnia Rodzinna realizuje Opiek\u0119 koordynowan\u0105 (OK) w POZ NZOZ Przychodnia Rodzinna wychodz\u0105c naprzeciw potrzebom pacjent\u00f3w, w zakresie podstawowej opieki zdrowotnej uruchomi\u0142a rozszerzony zakres \u015bwiadcze\u0144, obejmuj\u0105cy mo\u017cliwo\u015b\u0107 leczenia przewlek\u0142ych chor\u00f3b naszych pacjent\u00f3w w ramach Opieki koordynowanej.&nbsp; W latach 2018 r. \u2013 2021r. byli\u015bmy realizatorami projektu dofinansowanego z Funduszy Europejskich pn. \u201ePrzygotowanie, przetestowanie i wdro\u017cenie do<\/p>\n","protected":false},"author":1,"featured_media":0,"parent":0,"menu_order":0,"comment_status":"closed","ping_status":"closed","template":"","meta":{"ngg_post_thumbnail":0,"footnotes":""},"class_list":["post-1571","page","type-page","status-publish","hentry"],"_links":{"self":[{"href":"http:\/\/przychodnia.sobotka.pl\/index.php?rest_route=\/wp\/v2\/pages\/1571","targetHints":{"allow":["GET"]}}],"collection":[{"href":"http:\/\/przychodnia.sobotka.pl\/index.php?rest_route=\/wp\/v2\/pages"}],"about":[{"href":"http:\/\/przychodnia.sobotka.pl\/index.php?rest_route=\/wp\/v2\/types\/page"}],"author":[{"embeddable":true,"href":"http:\/\/przychodnia.sobotka.pl\/index.php?rest_route=\/wp\/v2\/users\/1"}],"replies":[{"embeddable":true,"href":"http:\/\/przychodnia.sobotka.pl\/index.php?rest_route=%2Fwp%2Fv2%2Fcomments&post=1571"}],"version-history":[{"count":27,"href":"http:\/\/przychodnia.sobotka.pl\/index.php?rest_route=\/wp\/v2\/pages\/1571\/revisions"}],"predecessor-version":[{"id":1825,"href":"http:\/\/przychodnia.sobotka.pl\/index.php?rest_route=\/wp\/v2\/pages\/1571\/revisions\/1825"}],"wp:attachment":[{"href":"http:\/\/przychodnia.sobotka.pl\/index.php?rest_route=%2Fwp%2Fv2%2Fmedia&parent=1571"}],"curies":[{"name":"wp","href":"https:\/\/api.w.org\/{rel}","templated":true}]}}