{"id":148,"date":"2017-10-14T21:11:06","date_gmt":"2017-10-14T21:11:06","guid":{"rendered":"http:\/\/przychodnia.sobotka.pl\/?page_id=148"},"modified":"2026-01-13T10:27:09","modified_gmt":"2026-01-13T10:27:09","slug":"poradnie-stomatologiczne","status":"publish","type":"page","link":"http:\/\/przychodnia.sobotka.pl\/?page_id=148","title":{"rendered":"PORADNIE STOMATOLOGICZNE"},"content":{"rendered":"<div id=\"dslc-theme-content\"><div id=\"dslc-theme-content-inner\"><table style=\"width: 84.9175%;\" width=\"680\" cellspacing=\"5\" cellpadding=\"5\" align=\"center\">\n<tbody>\n<tr>\n<td style=\"width: 50%;\" colspan=\"2\" bgcolor=\"#b6d7de\"><strong>PORADNIE STOMATOLOGICZNE ZNAJDUJ\u0104 SI\u0118:<\/strong><br \/>\n<strong>&nbsp;<\/strong><\/td>\n<\/tr>\n<tr>\n<td style=\"width: 50%; text-align: left;\"><span style=\"font-size: small;\"><strong>NZOZ Przychodnia Rodzinna Kajderowicz i Bili\u0144ski&nbsp;<\/strong><\/span><\/td>\n<td style=\"width: 45.6571%;\"><span style=\"font-size: small;\"><strong>Sob\u00f3tka ul. Kr\u00f3tka 2 \/ A tel. kom:&nbsp; 668 360 977<\/strong><\/span><\/td>\n<\/tr>\n<tr>\n<td style=\"width: 50%; text-align: left;\"><span style=\"font-size: small;\"><strong>NZOZ Przychodnia Rodzinna Kajderowicz i Bili\u0144ski&nbsp;<\/strong><\/span><span style=\"font-size: small;\"><strong><br \/>\n<\/strong><\/span><\/td>\n<td style=\"width: 45.6571%;\"><span style=\"font-size: small;\"><strong>Jordan\u00f3w \u015al. ul. Pocztowa 4&nbsp; tel. 71 316 16 60<\/strong><\/span><\/td>\n<\/tr>\n<\/tbody>\n<\/table>\n<div>\n<div>\n<table style=\"width: 84.4049%; height: 320px;\" width=\"680\" cellspacing=\"5\" cellpadding=\"5\" align=\"center\">\n<tbody>\n<tr style=\"height: 28px;\">\n<td style=\"width: 83.3481%; height: 28px;\" colspan=\"3\" bgcolor=\"#b6d7de\">\n<div><strong>PERSONEL PORADNI STOMATOLOGICZNYCH<\/strong><\/div>\n<\/td>\n<\/tr>\n<tr style=\"height: 39px;\">\n<td style=\"width: 37.1233%; height: 39px; text-align: left;\">\n<div>\n<div>\n<div>\n<div>\n<div><strong><span style=\"font-size: small;\">Lekarz<\/span><\/strong><\/div>\n<\/div>\n<\/div>\n<\/div>\n<\/div>\n<\/td>\n<td style=\"width: 46.2248%; height: 39px;\" colspan=\"2\"><strong><span style=\"font-size: small;\">Rodzaj us\u0142ug medycznych<\/span><\/strong><\/td>\n<\/tr>\n<tr style=\"height: 56px;\">\n<td style=\"width: 37.1233%; height: 56px; text-align: left;\">\n<div>\n<div>\n<div>\n<div>\n<div><strong><span style=\"font-size: small;\">Piotr Szymajda&nbsp;&nbsp;<\/span><\/strong><\/div>\n<div>\n<div><strong><span style=\"font-size: small;\">lek. stomatologii og\u00f3lnej<\/span><\/strong><\/div>\n<\/div>\n<\/div>\n<\/div>\n<\/div>\n<\/div>\n<\/td>\n<td style=\"width: 15.3738%; height: 56px;\"><strong><span style=\"font-size: small;\">P\u0142atne<\/span><\/strong><\/td>\n<td style=\"width: 30.851%; height: 56px;\">\n<div>\n<div>\n<div><strong><span style=\"font-size: small;\">NFZ&nbsp;<\/span><\/strong><\/div>\n<\/div>\n<\/div>\n<\/td>\n<\/tr>\n<tr style=\"height: 84px;\">\n<td style=\"width: 37.1233%; height: 29px; text-align: left;\">\n<div>\n<div>\n<div>\n<div><strong><span style=\"font-size: small;\">Ewa Kamienowska&nbsp;&nbsp;<\/span><\/strong><\/div>\n<div>\n<div><strong><span style=\"font-size: small;\">lek. stomatologii og\u00f3lnej<\/span><\/strong><\/div>\n<\/div>\n<\/div>\n<\/div>\n<\/div>\n<\/td>\n<td style=\"width: 15.3738%; height: 29px;\"><strong><span style=\"font-size: small;\">P\u0142atne<\/span><\/strong><\/td>\n<td style=\"width: 30.851%; height: 29px;\">\n<div>\n<div>\n<div><strong><span style=\"font-size: small;\">NFZ<\/span><\/strong><\/div>\n<\/div>\n<\/div>\n<\/td>\n<\/tr>\n<tr>\n<td style=\"width: 37.1233%; text-align: left;\">\n<div>\n<div>\n<div>\n<div><strong><span style=\"font-size: small;\">Aleksander Wo\u0142czyk<br \/>\nlek. stomatologii og\u00f3lnej<br \/>\n<\/span><\/strong><\/div>\n<\/div>\n<\/div>\n<\/div>\n<\/td>\n<td style=\"width: 15.3738%; height: 56px;\"><strong><span style=\"font-size: small;\">P\u0142atne<\/span><\/strong><\/td>\n<td style=\"width: 30.851%; height: 56px;\">\n<div>\n<div>\n<div><strong><span style=\"font-size: small;\">NFZ<\/span><\/strong><\/div>\n<\/div>\n<\/div>\n<\/td>\n<\/tr>\n<tr>\n<td style=\"width: 37.1233%; text-align: left;\">\n<div>\n<div>\n<div>\n<div><strong><span style=\"font-size: small;\">Zuzanna Jeziorska<br \/>\nlek. stomatologii og\u00f3lnej<br \/>\n<\/span><\/strong><\/div>\n<\/div>\n<\/div>\n<\/div>\n<\/td>\n<td style=\"width: 15.3738%; height: 56px;\"><strong><span style=\"font-size: small;\">P\u0142atne<\/span><\/strong><\/td>\n<td style=\"width: 30.851%; height: 56px;\">\n<div>\n<div>\n<div><strong><span style=\"font-size: small;\">NFZ<\/span><\/strong><\/div>\n<\/div>\n<\/div>\n<\/td>\n<\/tr>\n<tr style=\"height: 56px;\">\n<td style=\"width: 37.1233%; height: 56px; text-align: left;\">\n<div>\n<div>\n<div><strong><span style=\"font-size: small;\">Bartosz Szymajda<br \/>\nlek. stomatologii og\u00f3lnej<\/span><\/strong><\/div>\n<\/div>\n<\/div>\n<\/td>\n<td style=\"width: 15.3738%; height: 56px;\"><strong><span style=\"font-size: small;\">P\u0142atne<\/span><\/strong><\/td>\n<td style=\"width: 30.851%; height: 56px;\">\n<div>\n<div>\n<div><strong><span style=\"font-size: small;\">NFZ<\/span><\/strong><\/div>\n<\/div>\n<\/div>\n<\/td>\n<\/tr>\n<tr style=\"height: 56px;\">\n<td style=\"width: 37.1233%; height: 56px; text-align: left;\">\n<div>\n<div>\n<div><strong><span style=\"font-size: small;\">Katarzyna Bojko<br \/>\nlek. stomatologii og\u00f3lnej \/ ortodonta<\/span><\/strong><\/div>\n<\/div>\n<\/div>\n<\/td>\n<td style=\"width: 15.3738%; height: 56px;\">\n<div>\n<div>\n<div><strong><span style=\"font-size: small;\">P\u0142atne<\/span><\/strong><\/div>\n<\/div>\n<\/div>\n<\/td>\n<td style=\"width: 30.851%; height: 56px;\">\n<div>\n<div>\n<div><strong><span style=\"font-size: small;\">&nbsp;<\/span><\/strong><\/div>\n<\/div>\n<\/div>\n<\/td>\n<\/tr>\n<tr style=\"height: 56px;\">\n<td style=\"width: 37.1233%; height: 56px; text-align: left;\">\n<div>\n<div>\n<div><strong><span style=\"font-size: small;\">Hanna Lompart-Kwapiszewska<br \/>\nlek. stomatologii og\u00f3lnej<\/span><\/strong><\/div>\n<\/div>\n<\/div>\n<\/td>\n<td style=\"width: 15.3738%; height: 56px;\">\n<div>\n<div>\n<div><strong><span style=\"font-size: small;\">P\u0142atne<\/span><\/strong><\/div>\n<\/div>\n<\/div>\n<\/td>\n<td style=\"width: 30.851%; height: 56px;\">\n<div>\n<div>\n<div><strong><span style=\"font-size: small;\">&nbsp;<\/span><\/strong><\/div>\n<\/div>\n<\/div>\n<\/td>\n<\/tr>\n<\/tbody>\n<\/table>\n<\/div>\n<table style=\"width: 84.0474%; height: 140px;\" width=\"680\" cellspacing=\"5\" cellpadding=\"5\" align=\"center\">\n<tbody>\n<tr style=\"height: 28px;\">\n<td style=\"width: 87.7149%; height: 28px;\" colspan=\"4\" bgcolor=\"#b6d7de\">&nbsp;<strong>PERSONEL&nbsp;POMOCNICZY:<\/strong><\/td>\n<\/tr>\n<tr>\n<td style=\"width: 54.4788%; text-align: left;\" colspan=\"3\"><strong><span style=\"font-size: small;\"><span style=\"font-size: 10pt;\">Katarzyna Wojciechowska<\/span><\/span><\/strong><\/td>\n<td style=\"width: 33.2361%;\"><strong><span style=\"font-size: small;\">asystentka stomatologiczna<\/span><\/strong><\/td>\n<\/tr>\n<tr>\n<td style=\"text-align: left;\" colspan=\"3\"><strong><span style=\"font-size: small;\">Marzena Kwiecie\u0144<\/span><\/strong><\/td>\n<td style=\"width: 33.2361%;\"><strong><span style=\"font-size: small;\">asystentka stomatologiczna<\/span><\/strong><\/td>\n<\/tr>\n<tr style=\"height: 28px;\">\n<td style=\"height: 28px; text-align: left;\" colspan=\"3\"><strong><span style=\"font-size: small;\">Beata G\u00f3rajewska<\/span><\/strong><\/td>\n<td style=\"width: 33.2361%; height: 28px;\"><strong><span style=\"font-size: small;\">asystentka stomatologiczna<\/span><\/strong><\/td>\n<\/tr>\n<\/tbody>\n<\/table>\n<p>&nbsp;<\/p>\n<\/div>\n<div><u><span style=\"font-size: small;\">Rejestracja<\/span><\/u><\/div>\n<div>&nbsp;<\/div>\n<div><span style=\"font-size: small;\">Pacjent mo\u017ce zarejestrowa\u0107 sie do stomatologa osobi\u015bcie, telefonicznie lub poprzez osoby trzecie od poniedzia\u0142ku do pi\u0105tku w godzinach: 08:00 - 15:00&nbsp;<\/span><\/div>\n<\/div><\/div>","protected":false},"excerpt":{"rendered":"<p>PORADNIE STOMATOLOGICZNE ZNAJDUJ\u0104 SI\u0118: &nbsp; NZOZ Przychodnia Rodzinna Kajderowicz i Bili\u0144ski&nbsp; Sob\u00f3tka ul. Kr\u00f3tka 2 \/ A tel. kom:&nbsp; 668 360 977 NZOZ Przychodnia Rodzinna Kajderowicz i Bili\u0144ski&nbsp; Jordan\u00f3w \u015al. ul. Pocztowa 4&nbsp; tel. 71 316 16 60 PERSONEL PORADNI STOMATOLOGICZNYCH Lekarz Rodzaj us\u0142ug medycznych Piotr Szymajda&nbsp;&nbsp; lek. stomatologii og\u00f3lnej P\u0142atne NFZ&nbsp; Ewa Kamienowska&nbsp;&nbsp; lek.<\/p>\n","protected":false},"author":1,"featured_media":0,"parent":0,"menu_order":0,"comment_status":"closed","ping_status":"closed","template":"","meta":{"ngg_post_thumbnail":0,"footnotes":""},"class_list":["post-148","page","type-page","status-publish","hentry"],"_links":{"self":[{"href":"http:\/\/przychodnia.sobotka.pl\/index.php?rest_route=\/wp\/v2\/pages\/148","targetHints":{"allow":["GET"]}}],"collection":[{"href":"http:\/\/przychodnia.sobotka.pl\/index.php?rest_route=\/wp\/v2\/pages"}],"about":[{"href":"http:\/\/przychodnia.sobotka.pl\/index.php?rest_route=\/wp\/v2\/types\/page"}],"author":[{"embeddable":true,"href":"http:\/\/przychodnia.sobotka.pl\/index.php?rest_route=\/wp\/v2\/users\/1"}],"replies":[{"embeddable":true,"href":"http:\/\/przychodnia.sobotka.pl\/index.php?rest_route=%2Fwp%2Fv2%2Fcomments&post=148"}],"version-history":[{"count":21,"href":"http:\/\/przychodnia.sobotka.pl\/index.php?rest_route=\/wp\/v2\/pages\/148\/revisions"}],"predecessor-version":[{"id":2082,"href":"http:\/\/przychodnia.sobotka.pl\/index.php?rest_route=\/wp\/v2\/pages\/148\/revisions\/2082"}],"wp:attachment":[{"href":"http:\/\/przychodnia.sobotka.pl\/index.php?rest_route=%2Fwp%2Fv2%2Fmedia&parent=148"}],"curies":[{"name":"wp","href":"https:\/\/api.w.org\/{rel}","templated":true}]}}