{"id":1363,"date":"2023-02-08T09:42:00","date_gmt":"2023-02-08T09:42:00","guid":{"rendered":"http:\/\/przychodnia.sobotka.pl\/?page_id=1363"},"modified":"2025-12-05T09:50:49","modified_gmt":"2025-12-05T09:50:49","slug":"profilaktyka-w-szkolach","status":"publish","type":"page","link":"http:\/\/przychodnia.sobotka.pl\/?page_id=1363","title":{"rendered":"PROFILAKTYKA W SZKO\u0141ACH"},"content":{"rendered":"<div id=\"dslc-theme-content\"><div id=\"dslc-theme-content-inner\"><p>NZOZ Przychodnia Rodzinna Kajderowicz i Bili\u0144ski cyklicznie realizowa\u0142a szkolenia profilaktyczne dla uczni\u00f3w szk\u00f3\u0142 podstawowych i o\u015brodk\u00f3w wychowawczych, kt\u00f3re w latach 05.04.2000r. do&nbsp; 30.11.2025r. by\u0142y obj\u0119te opiek\u0105 medyczn\u0105 w ramach medycyny szkolnej.&nbsp; Personel medyczny cyklicznie organizowa\u0142 spotkania z m\u0142odzie\u017c\u0105 w plac\u00f3wkach szkolnych dotycz\u0105ce profilaktyki i zdrowego trybu \u017cycia. Organizowano r\u00f3wnie\u017c konkursy dla dzieci i m\u0142odzie\u017cy, w kt\u00f3rych uczniowie ch\u0119tnie brali udzia\u0142.<\/p>\n<p>&nbsp;<\/p>\n<p>&nbsp;<\/p>\n<\/div><\/div>","protected":false},"excerpt":{"rendered":"<p>NZOZ Przychodnia Rodzinna Kajderowicz i Bili\u0144ski cyklicznie realizowa\u0142a szkolenia profilaktyczne dla uczni\u00f3w szk\u00f3\u0142 podstawowych i o\u015brodk\u00f3w wychowawczych, kt\u00f3re w latach 05.04.2000r. do&nbsp; 30.11.2025r. by\u0142y obj\u0119te opiek\u0105 medyczn\u0105 w ramach medycyny szkolnej.&nbsp; Personel medyczny cyklicznie organizowa\u0142 spotkania z m\u0142odzie\u017c\u0105 w plac\u00f3wkach szkolnych dotycz\u0105ce profilaktyki i zdrowego trybu \u017cycia. Organizowano r\u00f3wnie\u017c konkursy dla dzieci i m\u0142odzie\u017cy, w<\/p>\n","protected":false},"author":1,"featured_media":0,"parent":0,"menu_order":0,"comment_status":"closed","ping_status":"closed","template":"","meta":{"ngg_post_thumbnail":0,"footnotes":""},"class_list":["post-1363","page","type-page","status-publish","hentry"],"_links":{"self":[{"href":"http:\/\/przychodnia.sobotka.pl\/index.php?rest_route=\/wp\/v2\/pages\/1363","targetHints":{"allow":["GET"]}}],"collection":[{"href":"http:\/\/przychodnia.sobotka.pl\/index.php?rest_route=\/wp\/v2\/pages"}],"about":[{"href":"http:\/\/przychodnia.sobotka.pl\/index.php?rest_route=\/wp\/v2\/types\/page"}],"author":[{"embeddable":true,"href":"http:\/\/przychodnia.sobotka.pl\/index.php?rest_route=\/wp\/v2\/users\/1"}],"replies":[{"embeddable":true,"href":"http:\/\/przychodnia.sobotka.pl\/index.php?rest_route=%2Fwp%2Fv2%2Fcomments&post=1363"}],"version-history":[{"count":35,"href":"http:\/\/przychodnia.sobotka.pl\/index.php?rest_route=\/wp\/v2\/pages\/1363\/revisions"}],"predecessor-version":[{"id":2077,"href":"http:\/\/przychodnia.sobotka.pl\/index.php?rest_route=\/wp\/v2\/pages\/1363\/revisions\/2077"}],"wp:attachment":[{"href":"http:\/\/przychodnia.sobotka.pl\/index.php?rest_route=%2Fwp%2Fv2%2Fmedia&parent=1363"}],"curies":[{"name":"wp","href":"https:\/\/api.w.org\/{rel}","templated":true}]}}