{"id":1108,"date":"2022-05-27T13:53:55","date_gmt":"2022-05-27T13:53:55","guid":{"rendered":"http:\/\/przychodnia.sobotka.pl\/?page_id=1108"},"modified":"2024-06-18T12:37:13","modified_gmt":"2024-06-18T12:37:13","slug":"szczepienia-dzieci-hpv","status":"publish","type":"page","link":"http:\/\/przychodnia.sobotka.pl\/?page_id=1108","title":{"rendered":"SZCZEPIENIA DZIECI HPV"},"content":{"rendered":"<div id=\"dslc-theme-content\"><div id=\"dslc-theme-content-inner\"><p><span style=\"color: #333399;\">NZOZ Przychodnia Rodzinna Kajderowicz i Bili\u0144ski z siedzib\u0105 ul. Kr\u00f3tka 2.B, 55-050 Sob\u00f3tka Sob\u00f3tce posiada du\u017ce i wieloletnie do\u015bwiadczenie w profilaktycznym szczepieniu uczni\u00f3w. Od wielu lat szczepimy dziewczynki i od niedawna r\u00f3wnie\u017c ch\u0142opc\u00f3w przeciwko zaka\u017ceniom wirusem brodawczaka ludzkiego HPV.&nbsp;<\/span><\/p>\n<p><span style=\"color: #333399;\">Materia\u0142y informacyjne na temat szczepie\u0144 HPV&nbsp;<\/span><br \/>\n<strong><a href=\"http:\/\/przychodnia.sobotka.pl\/wp-content\/uploads\/2022\/05\/ulotka-elektroniczna-HPV.pdf\">Ulotka informacyjna HPV<\/a><br \/>\n<a href=\"http:\/\/przychodnia.sobotka.pl\/wp-content\/uploads\/2022\/06\/Szczepienia-przeciwko-HPV_Ulotka.pdf\">Szczepienia przeciwko HPV_Ulotka<\/a><br \/>\n<\/strong><a href=\"https:\/\/www.youtube.com\/watch?v=J6BKqyv0sFI\"><strong>Film informacyjny HPV<\/strong>&nbsp;<\/a><\/p>\n<p><a href=\"https:\/\/szczepienia.pzh.gov.pl\/szczepionki\/hpv\/\"><strong>Informacje szczeg\u00f3\u0142owe na temat sczepie\u0144 przeciwko HPV Opracowane przez Narodowy Instytut Zdrowia Publicznego<\/strong><\/a><\/p>\n<p>&nbsp;<\/p>\n<\/div><\/div>","protected":false},"excerpt":{"rendered":"<p>NZOZ Przychodnia Rodzinna Kajderowicz i Bili\u0144ski z siedzib\u0105 ul. Kr\u00f3tka 2.B, 55-050 Sob\u00f3tka Sob\u00f3tce posiada du\u017ce i wieloletnie do\u015bwiadczenie w profilaktycznym szczepieniu uczni\u00f3w. Od wielu lat szczepimy dziewczynki i od niedawna r\u00f3wnie\u017c ch\u0142opc\u00f3w przeciwko zaka\u017ceniom wirusem brodawczaka ludzkiego HPV.&nbsp; Materia\u0142y informacyjne na temat szczepie\u0144 HPV&nbsp; Ulotka informacyjna HPV Szczepienia przeciwko HPV_Ulotka Film informacyjny HPV&nbsp; Informacje<\/p>\n","protected":false},"author":1,"featured_media":0,"parent":0,"menu_order":0,"comment_status":"closed","ping_status":"closed","template":"","meta":{"ngg_post_thumbnail":0,"footnotes":""},"class_list":["post-1108","page","type-page","status-publish","hentry"],"_links":{"self":[{"href":"http:\/\/przychodnia.sobotka.pl\/index.php?rest_route=\/wp\/v2\/pages\/1108","targetHints":{"allow":["GET"]}}],"collection":[{"href":"http:\/\/przychodnia.sobotka.pl\/index.php?rest_route=\/wp\/v2\/pages"}],"about":[{"href":"http:\/\/przychodnia.sobotka.pl\/index.php?rest_route=\/wp\/v2\/types\/page"}],"author":[{"embeddable":true,"href":"http:\/\/przychodnia.sobotka.pl\/index.php?rest_route=\/wp\/v2\/users\/1"}],"replies":[{"embeddable":true,"href":"http:\/\/przychodnia.sobotka.pl\/index.php?rest_route=%2Fwp%2Fv2%2Fcomments&post=1108"}],"version-history":[{"count":16,"href":"http:\/\/przychodnia.sobotka.pl\/index.php?rest_route=\/wp\/v2\/pages\/1108\/revisions"}],"predecessor-version":[{"id":1799,"href":"http:\/\/przychodnia.sobotka.pl\/index.php?rest_route=\/wp\/v2\/pages\/1108\/revisions\/1799"}],"wp:attachment":[{"href":"http:\/\/przychodnia.sobotka.pl\/index.php?rest_route=%2Fwp%2Fv2%2Fmedia&parent=1108"}],"curies":[{"name":"wp","href":"https:\/\/api.w.org\/{rel}","templated":true}]}}