{"id":108,"date":"2017-10-14T19:52:27","date_gmt":"2017-10-14T19:52:27","guid":{"rendered":"http:\/\/przychodnia.sobotka.pl\/?page_id=108"},"modified":"2024-07-22T08:37:43","modified_gmt":"2024-07-22T08:37:43","slug":"poradnie-specjalistyczne","status":"publish","type":"page","link":"http:\/\/przychodnia.sobotka.pl\/?page_id=108","title":{"rendered":"PORADNIE SPECJALISTYCZNE"},"content":{"rendered":"<div id=\"dslc-theme-content\"><div id=\"dslc-theme-content-inner\"><p><span style=\"color: #000000;\">NZOZ Przychodnia Rodzinna Kajderowicz i Bili\u0144ski udziela odp\u0142atnych i bezp\u0142atnych ( w ramach umowy z NFZ) specjalistycznych \u015bwiadcze\u0144 medycznych w ramach wskazanych poni\u017cej poradni specjalistycznych.<\/span><\/p>\n<table style=\"border-collapse: collapse; width: 112.029%; height: 514px;\">\n<tbody>\n<tr style=\"height: 56px;\">\n<td style=\"width: 87.0295%; height: 38px;\" colspan=\"2\">PORADNIE ODP\u0141ATNEJ AMBULATORYJNEJ OPIEKI SPECJALISTYCZNEJ<\/td>\n<\/tr>\n<tr style=\"height: 28px;\">\n<td style=\"width: 50%; height: 28px; text-align: left;\"><span style=\"font-size: small;\">PORADNIA ALERGOLOGICZNA&nbsp;<\/span><\/td>\n<td style=\"width: 37.0295%; height: 28px; text-align: left;\"><span style=\"font-size: small;\">Sob\u00f3tka ul. Kr\u00f3tka 2\/B tel.: 71 390 42 00&nbsp;<\/span><\/td>\n<\/tr>\n<tr style=\"height: 28px;\">\n<td style=\"width: 50%; height: 28px; text-align: left;\"><span style=\"font-size: small;\">PORADNIA NEUROLOGICZNA<\/span><\/td>\n<td style=\"width: 37.0295%; height: 28px; text-align: left;\"><span style=\"font-size: small;\">Sob\u00f3tka ul. Kr\u00f3tka 2\/B tel.: 71 390 42 00&nbsp;<\/span><\/td>\n<\/tr>\n<tr style=\"height: 28px;\">\n<td style=\"width: 50%; height: 28px; text-align: left;\"><span style=\"font-size: small;\">PORADNIA DERMATOLOGICZNA<\/span><\/td>\n<td style=\"width: 37.0295%; height: 28px; text-align: left;\"><span style=\"font-size: small;\">Sob\u00f3tka ul. Kr\u00f3tka 2\/B tel.: 71 390 42 00&nbsp;<\/span><\/td>\n<\/tr>\n<tr style=\"height: 28px;\">\n<td style=\"width: 50%; height: 28px; text-align: left;\"><span style=\"font-size: small;\">PORADNIA ORTOPEDYCZNA&nbsp;<\/span><\/td>\n<td style=\"width: 37.0295%; height: 28px; text-align: left;\"><span style=\"font-size: small;\">Sob\u00f3tka ul. Kr\u00f3tka 2\/B tel.: 71 390 42 00&nbsp;<\/span><\/td>\n<\/tr>\n<tr style=\"height: 28px;\">\n<td style=\"width: 50%; height: 28px; text-align: left;\"><span style=\"font-size: small;\">PORADNIA OTOLARYNGOLOGICZNA<\/span><\/td>\n<td style=\"width: 37.0295%; height: 28px; text-align: left;\"><span style=\"font-size: small;\">Sob\u00f3tka ul. Kr\u00f3tka 2\/B tel.: 71 390 42 00&nbsp;<\/span><\/td>\n<\/tr>\n<tr style=\"height: 28px;\">\n<td style=\"width: 50%; height: 28px; text-align: left;\"><span style=\"font-size: small;\">PORADNIA PSYCHIATRYCZNA&nbsp;<\/span><\/td>\n<td style=\"width: 37.0295%; height: 28px; text-align: left;\"><span style=\"font-size: small;\">Sob\u00f3tka ul. Kr\u00f3tka 2\/B tel.: 71 390 42 00&nbsp;<\/span><\/td>\n<\/tr>\n<tr>\n<td style=\"width: 50%; text-align: left;\"><span style=\"font-size: small;\">PORADNIA OKULISTYCZNA<\/span><\/td>\n<td style=\"width: 37.0295%; text-align: left;\"><span style=\"font-size: small;\">Sob\u00f3tka ul. Kr\u00f3tka 2\/B tel.: 71 390 42 00&nbsp;<\/span><\/td>\n<\/tr>\n<tr style=\"height: 28px;\">\n<td style=\"width: 50%; height: 28px; text-align: left;\"><span style=\"font-size: small;\">PORADNIA ENDOKRYNOKLOGICZNA<\/span><\/td>\n<td style=\"width: 37.0295%; height: 28px; text-align: left;\"><span style=\"font-size: small;\">Sob\u00f3tka ul. Kr\u00f3tka 2\/B tel.: 71 390 42 00&nbsp;<\/span><\/td>\n<\/tr>\n<tr style=\"height: 56px;\">\n<td style=\"width: 50%; height: 31px; text-align: left;\"><span style=\"font-size: small;\">PORADNIA REUMATOLOGICZNA &nbsp;&nbsp;&nbsp;<\/span><\/td>\n<td style=\"width: 37.0295%; height: 31px; text-align: left;\"><span style=\"font-size: small;\">Sob\u00f3tka ul. Kr\u00f3tka 2\/B tel.: 71 390 42 00&nbsp;<\/span><\/td>\n<\/tr>\n<tr style=\"height: 56px;\">\n<td style=\"width: 50%; height: 10px; text-align: left;\"><span style=\"font-size: small;\"><span style=\"font-size: 10pt;\">PORADNIA UROLOGICZNA<\/span><\/span><\/td>\n<td style=\"width: 37.0295%; height: 10px; text-align: left;\"><span style=\"font-size: small;\">Sob\u00f3tka ul. Kr\u00f3tka 2\/B tel.: 71 390 42 00&nbsp;<\/span><\/td>\n<\/tr>\n<tr style=\"height: 56px;\">\n<td style=\"width: 50%; height: 12px; text-align: left;\"><span style=\"font-size: small;\">PORADNIA KARDIOLOGICZNA<\/span><\/td>\n<td style=\"width: 37.0295%; height: 12px; text-align: left;\"><span style=\"font-size: small;\">Sob\u00f3tka ul. Kr\u00f3tka 2\/B tel.: 71 390 42 00&nbsp;<\/span><\/td>\n<\/tr>\n<tr>\n<td style=\"width: 50%; text-align: left;\"><span style=\"font-size: small;\">PRACOWWNIA PR\u00d3B WYSI\u0141KOWYCH<\/span><\/td>\n<td style=\"width: 37.0295%; text-align: left;\"><span style=\"font-size: small;\">Sob\u00f3tka ul. Kr\u00f3tka 2\/B tel.: 71 390 42 00&nbsp;<\/span><\/td>\n<\/tr>\n<tr style=\"height: 56px;\">\n<td style=\"width: 50%; height: 31px; text-align: left;\"><span style=\"font-size: small;\"><span style=\"font-size: 10pt;\">PORADNIA DIABETOLOGICZNA<\/span><\/span><\/td>\n<td style=\"width: 37.0295%; height: 31px; text-align: left;\"><span style=\"font-size: small;\">Sob\u00f3tka ul. Kr\u00f3tka 2\/B tel.: 71 390 42 00&nbsp;<\/span><\/td>\n<\/tr>\n<tr>\n<td style=\"width: 50%; text-align: left;\"><span style=\"font-size: small;\"><span style=\"font-size: 10pt;\">PORADNIA CHOR\u00d3B P\u0141UC<\/span><\/span><\/td>\n<td style=\"width: 37.0295%; text-align: left;\"><span style=\"font-size: small;\">Sob\u00f3tka ul. Kr\u00f3tka 2\/B tel.: 71 390 42 00<\/span><\/td>\n<\/tr>\n<tr>\n<td style=\"width: 50%; text-align: left;\"><span style=\"font-size: small;\"><span style=\"font-size: 10pt;\">PORADNIA PEDIATRYCZNA<\/span><\/span><\/td>\n<td style=\"width: 37.0295%; text-align: left;\"><span style=\"font-size: small;\">Sob\u00f3tka ul. Kr\u00f3tka 2\/B tel.: 71 390 42 00<\/span><\/td>\n<\/tr>\n<tr>\n<td style=\"width: 50%; text-align: left;\"><span style=\"font-size: small;\"><span style=\"font-size: 10pt;\">PORADNIA PEDIATRYCZNA<\/span><\/span><\/td>\n<td style=\"width: 37.0295%; text-align: left;\"><span style=\"font-size: small;\">Jordan\u00f3w \u015al. ul. Pocztowa 4 tel.: 71 316 16 60<\/span><\/td>\n<\/tr>\n<tr style=\"height: 28px;\">\n<td style=\"width: 50%; height: 28px; text-align: left;\"><span style=\"font-size: small;\">PORADNIA LOGOPEDYCZNA<\/span><\/td>\n<td style=\"width: 37.0295%; height: 28px; text-align: left;\"><span style=\"font-size: small;\">Sob\u00f3tka ul. Kr\u00f3tka 2\/B tel.: 71 390 42 00&nbsp;<\/span><\/td>\n<\/tr>\n<tr style=\"height: 28px;\">\n<td style=\"width: 50%; height: 28px; text-align: left;\"><span style=\"font-size: small;\">PORADNIA PSYCHOLOGICZNA<\/span><\/td>\n<td style=\"width: 37.0295%; height: 28px; text-align: left;\"><span style=\"font-size: small;\">Sob\u00f3tka ul. Kr\u00f3tka 2\/B tel.: 71 390 42 00&nbsp;<\/span><\/td>\n<\/tr>\n<tr>\n<td style=\"width: 50%; text-align: left;\"><span style=\"font-size: small;\">PORADNIA REHABILITACYJNA DLA DZIECI<\/span><\/td>\n<td style=\"width: 37.0295%; text-align: left;\"><span style=\"font-size: small;\">Sob\u00f3tka ul. Kr\u00f3tka 2\/B tel.: 71 390 42 00&nbsp;<\/span><\/td>\n<\/tr>\n<tr>\n<td style=\"width: 50%; text-align: left;\"><span style=\"font-size: small;\">PORADNIA PO\u0141O\u017bNICZO-GINEKOLOGICZNA<\/span><\/td>\n<td style=\"width: 37.0295%; text-align: left;\"><span style=\"font-size: small;\">Sob\u00f3tka ul. Kr\u00f3tka 2\/B tel.: 71 390 42 00&nbsp;<\/span><\/td>\n<\/tr>\n<\/tbody>\n<\/table>\n<p style=\"text-align: left;\">&nbsp;<\/p>\n<table class=\" alignleft\" style=\"border-collapse: collapse; width: 112.262%; height: 85px;\">\n<tbody>\n<tr style=\"height: 56px;\">\n<td style=\"width: 87.2619%; height: 29px;\" colspan=\"2\">&nbsp;PORADNIE AMBULATORYJNEJ OPIEKI SPECJALISTYCZNEJ W RAMACH UMOWY Z NFZ<\/td>\n<\/tr>\n<tr style=\"height: 28px;\">\n<td style=\"width: 50%; height: 28px;\"><span style=\"font-size: small;\">PORADNIA ALERGOLOGICZNA&nbsp;<\/span><\/td>\n<td style=\"width: 37.2619%; height: 28px;\"><span style=\"font-size: small;\">Sob\u00f3tka ul. Kr\u00f3tka 2\/B tel.: 71 390 42 00&nbsp;<\/span><\/td>\n<\/tr>\n<tr style=\"height: 28px;\">\n<td style=\"width: 50%; height: 28px;\"><span style=\"font-size: small;\">PORADNIA NEUROLOGICZNA<\/span><\/td>\n<td style=\"width: 37.2619%; height: 28px;\"><span style=\"font-size: small;\">Sob\u00f3tka ul. Kr\u00f3tka 2\/B tel.: 71 390 42 00&nbsp;<\/span><\/td>\n<\/tr>\n<\/tbody>\n<\/table>\n<p style=\"text-align: left;\">&nbsp;<\/p>\n<p style=\"text-align: left;\">&nbsp;<\/p>\n<\/div><\/div>","protected":false},"excerpt":{"rendered":"<p>NZOZ Przychodnia Rodzinna Kajderowicz i Bili\u0144ski udziela odp\u0142atnych i bezp\u0142atnych ( w ramach umowy z NFZ) specjalistycznych \u015bwiadcze\u0144 medycznych w ramach wskazanych poni\u017cej poradni specjalistycznych. PORADNIE ODP\u0141ATNEJ AMBULATORYJNEJ OPIEKI SPECJALISTYCZNEJ PORADNIA ALERGOLOGICZNA&nbsp; Sob\u00f3tka ul. Kr\u00f3tka 2\/B tel.: 71 390 42 00&nbsp; PORADNIA NEUROLOGICZNA Sob\u00f3tka ul. Kr\u00f3tka 2\/B tel.: 71 390 42 00&nbsp; PORADNIA DERMATOLOGICZNA Sob\u00f3tka<\/p>\n","protected":false},"author":1,"featured_media":0,"parent":0,"menu_order":0,"comment_status":"closed","ping_status":"closed","template":"","meta":{"ngg_post_thumbnail":0,"footnotes":""},"class_list":["post-108","page","type-page","status-publish","hentry"],"_links":{"self":[{"href":"http:\/\/przychodnia.sobotka.pl\/index.php?rest_route=\/wp\/v2\/pages\/108","targetHints":{"allow":["GET"]}}],"collection":[{"href":"http:\/\/przychodnia.sobotka.pl\/index.php?rest_route=\/wp\/v2\/pages"}],"about":[{"href":"http:\/\/przychodnia.sobotka.pl\/index.php?rest_route=\/wp\/v2\/types\/page"}],"author":[{"embeddable":true,"href":"http:\/\/przychodnia.sobotka.pl\/index.php?rest_route=\/wp\/v2\/users\/1"}],"replies":[{"embeddable":true,"href":"http:\/\/przychodnia.sobotka.pl\/index.php?rest_route=%2Fwp%2Fv2%2Fcomments&post=108"}],"version-history":[{"count":56,"href":"http:\/\/przychodnia.sobotka.pl\/index.php?rest_route=\/wp\/v2\/pages\/108\/revisions"}],"predecessor-version":[{"id":1829,"href":"http:\/\/przychodnia.sobotka.pl\/index.php?rest_route=\/wp\/v2\/pages\/108\/revisions\/1829"}],"wp:attachment":[{"href":"http:\/\/przychodnia.sobotka.pl\/index.php?rest_route=%2Fwp%2Fv2%2Fmedia&parent=108"}],"curies":[{"name":"wp","href":"https:\/\/api.w.org\/{rel}","templated":true}]}}